{"id":904,"date":"2019-12-15T10:57:20","date_gmt":"2019-12-15T09:57:20","guid":{"rendered":"https:\/\/gissacg.fr\/?page_id=904"},"modified":"2025-05-22T13:40:13","modified_gmt":"2025-05-22T11:40:13","slug":"les-comptes-rendus-du-ca-de-lannee","status":"publish","type":"page","link":"https:\/\/gissacg.fr\/index.php\/les-comptes-rendus-du-ca-de-lannee\/","title":{"rendered":"Les comptes-rendus du CA"},"content":{"rendered":"\n<div class=\"wp-block-advgb-infobox advgb-infobox-wrapper has-text-align-center advgb-infobox-14c1f137-0127-4a61-aca5-d967731e458b\"><div class=\"advgb-infobox-wrap\"><div class=\"advgb-infobox-icon-container\"><div class=\"advgb-infobox-icon-inner-container\"><i class=\"material-icons-outlined\">fiber_new<\/i><\/div><\/div><div class=\"advgb-infobox-textcontent\"><h3 class=\"advgb-infobox-title\"><\/h3><p class=\"advgb-infobox-text\"><a href=\"https:\/\/gissacg.fr\/private\/data\/2024-2025\/Compte-rendu\/CR-CA-20250515.pdf\" target=\"_blank\" rel=\"noreferrer noopener\">le compte-rendu du CA du 15 mai 2025<\/a><br><br><\/p><\/div><\/div><\/div>\n\n\n\n<p><\/p>\n\n\n\n<div class=\"wp-block-advgb-adv-tabs advgb-tabs-wrapper advgb-tab-horz-desktop advgb-tab-vert-tablet advgb-tab-stack-mobile advgb-tabs-da3dccc6-2bcc-4751-a655-70f79bc0a0e9\" data-tab-active=\"0\"><ul class=\"advgb-tabs-panel\"><li class=\"advgb-tab\" style=\"background-color:#e0e0e0;border-style:solid;border-width:1px;border-radius:10px\"><a id=\"\" href=\"#advgb-tabs-tab0\" style=\"color:#fff\"><span>2024-2025<\/span><\/a><\/li><li class=\"advgb-tab\" style=\"background-color:#e0e0e0;border-style:solid;border-width:1px;border-radius:10px\"><a id=\"\" href=\"#advgb-tabs-tab1\" style=\"color:#fff\"><span>2023-2024<\/span><\/a><\/li><li class=\"advgb-tab\" style=\"background-color:#e0e0e0;border-style:solid;border-width:1px;border-radius:10px\"><a id=\"\" href=\"#advgb-tabs-tab2\" style=\"color:#fff\"><span>2022-2021<\/span><\/a><\/li><li class=\"advgb-tab\" style=\"background-color:#e0e0e0;border-style:solid;border-width:1px;border-radius:10px\"><a id=\"\" href=\"#advgb-tabs-tab3\" style=\"color:#fff\"><span>2021-2022<\/span><\/a><\/li><li class=\"advgb-tab\" style=\"background-color:#e0e0e0;border-style:solid;border-width:1px;border-radius:10px\"><a id=\"\" href=\"#advgb-tabs-tab4\" style=\"color:#fff\"><span>2020-2021<\/span><\/a><\/li><li class=\"advgb-tab\" style=\"background-color:#e0e0e0;border-style:solid;border-width:1px;border-radius:10px\"><a id=\"\" href=\"#advgb-tabs-tab5\" style=\"color:#fff\"><span>2019-2020<\/span><\/a><\/li><\/ul><div class=\"advgb-tab-body-wrapper\" style=\"border-style:solid;border-width:1px;border-radius:10px\">\n<div class=\"wp-block-advgb-tab advgb-tab-body-container\"><div class=\"advgb-tab-body-header advgb-tab-class-\">2024-2025<\/div><div class=\"advgb-tab-_f4d588-16 advgb-tab-body\" aria-labelledby=\"advgb-tabs-tab0\">\n<p><\/p>\n\n\n\n<div class=\"wp-block-advgb-list\"><ul class=\"advgblist-ab00c749-d0c7-4ba9-af88-2d8490e846fe advgb-list advgb-list-controls-play\">\n<li><a href=\"https:\/\/gissacg.fr\/private\/data\/2024-2025\/Compte-rendu\/CR-CA-20250515.pdf\" target=\"_blank\" rel=\"noreferrer noopener\">le compte rendu de la r\u00e9union du CA num\u00e9ro 4 du 15 mail 2025<\/a><\/li>\n\n\n\n<li><a href=\"https:\/\/gissacg.fr\/private\/data\/2024-2025\/Compte-rendu\/CR-CA-20250402.pdf\" target=\"_blank\" rel=\"noreferrer noopener\">le compte rendu de la r\u00e9union du CA num\u00e9ro 3 du 2 avril 2025<\/a><\/li>\n\n\n\n<li><a href=\"https:\/\/gissacg.fr\/private\/data\/2024-2025\/Compte-rendu\/CR-CA-20250227.pdf\" target=\"_blank\" rel=\"noreferrer noopener\">le compte rendu de la r\u00e9union du CA num\u00e9ro 2 du 27 f\u00e9vrier 2025<\/a><\/li>\n\n\n\n<li><a href=\"https:\/\/gissacg.fr\/private\/data\/2024-2025\/Compte-rendu\/CR-CA-20241212.pdf\" target=\"_blank\" rel=\"noreferrer noopener\">le compte rendu de la r\u00e9union du CA num\u00e9ro 1 du 12 d\u00e9cembre 2024<\/a><\/li>\n<\/ul><\/div>\n<\/div><\/div>\n\n\n\n<div class=\"wp-block-advgb-tab advgb-tab-body-container\"><div class=\"advgb-tab-body-header advgb-tab-class-\">2023-2024<\/div><div class=\"advgb-tab-_c76ee4-d5 advgb-tab-body\" aria-labelledby=\"advgb-tabs-tab1\">\n<p><\/p>\n\n\n\n<div class=\"wp-block-advgb-list\"><ul class=\"advgblist-71881d05-7d9d-4162-b184-04c48f91da71 advgb-list advgb-list-controls-play\">\n<li><a href=\"https:\/\/gissacg.fr\/private\/data\/2023-2024\/Compte-rendu\/CR-AG-20241207.pdf\" target=\"_blank\" rel=\"noreferrer noopener\">le compte-rendu de l&rsquo;AG du 7 d\u00e9cembre 2024<\/a><\/li>\n\n\n\n<li><a href=\"https:\/\/gissacg.fr\/private\/data\/\/2023-2024\/Compte-rendu\/CR-CA-20240830.pdf\" target=\"_blank\" rel=\"noreferrer noopener\">le compte rendu de la r\u00e9union du CA num\u00e9ro 4 du 30 ao\u00fbt 2024<\/a> <\/li>\n\n\n\n<li><a href=\"https:\/\/gissacg.fr\/private\/data\/\/2023-2024\/Compte-rendu\/CR-CA-20240315.pdf\" target=\"_blank\" rel=\"noreferrer noopener\">le compte rendu de la r\u00e9union du CA num\u00e9ro 3 du 15 mars 2024<\/a> <\/li>\n\n\n\n<li><a href=\"https:\/\/gissacg.fr\/private\/data\/2023-2024\/Compte-rendu\/CR-CA-20240126.pdf\" target=\"_blank\" rel=\"noreferrer noopener\">le compte rendu de la r\u00e9union du CA num\u00e9ro 2 du 26 janvier 2024<\/a><\/li>\n\n\n\n<li><a href=\"https:\/\/gissacg.fr\/private\/data\/2023-2024\/Compte-rendu\/CR-CA-20231216.pdf\" target=\"_blank\" rel=\"noreferrer noopener\">le compte rendu de la r\u00e9union du CA num\u00e9ro 1 du 16 d\u00e9cembre 2023<\/a><\/li>\n<\/ul><\/div>\n<\/div><\/div>\n\n\n\n<div class=\"wp-block-advgb-tab advgb-tab-body-container\"><div class=\"advgb-tab-body-header advgb-tab-class-\">2022-2021<\/div><div class=\"advgb-tab-_b2d4c8-e7 advgb-tab-body\" aria-labelledby=\"advgb-tabs-tab2\">\n<p><\/p>\n\n\n\n<div class=\"wp-block-advgb-list\"><ul class=\"advgblist-ab7a81e3-8d86-4350-aaf4-7b6837ea44af advgb-list advgb-list-controls-play\">\n<li><a href=\"https:\/\/gissacg.fr\/private\/data\/2022-2023\/Compte-rendu\/CR-CA-20230324.pdf\" target=\"_blank\" rel=\"noreferrer noopener\">le compte rendu de la r\u00e9union du CA num\u00e9ro 3 du 24 mars 2023<\/a><\/li>\n\n\n\n<li><a rel=\"noreferrer noopener\" href=\"https:\/\/gissacg.fr\/private\/data\/2022-2023\/Compte-rendu\/CR-CA-20230127.pdf\" target=\"_blank\">le compte rendu de la r\u00e9union du CA num\u00e9ro 2 du 27 janvier 2023<\/a><\/li>\n\n\n\n<li><a rel=\"noreferrer noopener\" href=\"https:\/\/gissacg.fr\/private\/data\/2022-2023\/Compte-rendu\/CR-CA-20221215.pdf\" target=\"_blank\">le compte rendu de la r\u00e9union du CA num\u00e9ro 1 du 15 d\u00e9cembre 2022<\/a><\/li>\n<\/ul><\/div>\n<\/div><\/div>\n\n\n\n<div class=\"wp-block-advgb-tab advgb-tab-body-container\"><div class=\"advgb-tab-body-header advgb-tab-class-\">2021-2022<\/div><div class=\"advgb-tab-_54647d-f6 advgb-tab-body\" aria-labelledby=\"advgb-tabs-tab3\">\n<p><\/p>\n\n\n\n<div class=\"wp-block-advgb-list\"><ul class=\"advgblist-96f35316-e74b-4f90-a27b-201707f744ca advgb-list advgb-list-controls-play\">\n<li><a rel=\"noreferrer noopener\" href=\"https:\/\/gissacg.fr\/private\/data\/2021-2022\/Compte-rendu\/CR-AG-2022-20221203.pdf\" target=\"_blank\">le compte rendu de l&rsquo;AG 2022 du <\/a><a rel=\"noreferrer noopener\" href=\"https:\/\/gissacg.fr\/private\/data\/2021-2022\/Compte-rendu\/CR-AG-2022-20221203.pdf\" target=\"_blank\">0<\/a><a rel=\"noreferrer noopener\" href=\"https:\/\/gissacg.fr\/private\/data\/2021-2022\/Compte-rendu\/CR-AG-2022-20221203.pdf\" target=\"_blank\">3<\/a><a rel=\"noreferrer noopener\" href=\"https:\/\/gissacg.fr\/private\/data\/2021-2022\/Compte-rendu\/CR-AG-2022-20221203.pdf\" target=\"_blank\"> <\/a><a rel=\"noreferrer noopener\" href=\"https:\/\/gissacg.fr\/private\/data\/2021-2022\/Compte-rendu\/CR-AG-2022-20221203.pdf\" target=\"_blank\">d<\/a><a rel=\"noreferrer noopener\" href=\"https:\/\/gissacg.fr\/private\/data\/2021-2022\/Compte-rendu\/CR-AG-2022-20221203.pdf\" target=\"_blank\">\u00e9<\/a><a rel=\"noreferrer noopener\" href=\"https:\/\/gissacg.fr\/private\/data\/2021-2022\/Compte-rendu\/CR-AG-2022-20221203.pdf\" target=\"_blank\">c<\/a><a rel=\"noreferrer noopener\" href=\"https:\/\/gissacg.fr\/private\/data\/2021-2022\/Compte-rendu\/CR-AG-2022-20221203.pdf\" target=\"_blank\">e<\/a><a rel=\"noreferrer noopener\" href=\"https:\/\/gissacg.fr\/private\/data\/2021-2022\/Compte-rendu\/CR-AG-2022-20221203.pdf\" target=\"_blank\">m<\/a><a rel=\"noreferrer noopener\" href=\"https:\/\/gissacg.fr\/private\/data\/2021-2022\/Compte-rendu\/CR-AG-2022-20221203.pdf\" target=\"_blank\">b<\/a><a rel=\"noreferrer noopener\" href=\"https:\/\/gissacg.fr\/private\/data\/2021-2022\/Compte-rendu\/CR-AG-2022-20221203.pdf\" target=\"_blank\">r<\/a><a rel=\"noreferrer noopener\" href=\"https:\/\/gissacg.fr\/private\/data\/2021-2022\/Compte-rendu\/CR-AG-2022-20221203.pdf\" target=\"_blank\">e<\/a><a rel=\"noreferrer noopener\" href=\"https:\/\/gissacg.fr\/private\/data\/2021-2022\/Compte-rendu\/CR-AG-2022-20221203.pdf\" target=\"_blank\"> 2022<\/a><\/li>\n\n\n\n<li><a rel=\"noreferrer noopener\" href=\"https:\/\/gissacg.fr\/private\/data\/2021-2022\/Compte-rendu\/CR-CA-20221118.pdf\" target=\"_blank\">le compte rendu de la r\u00e9union du CA num\u00e9ro 5 du 18 novembre 2022<\/a><\/li>\n\n\n\n<li><a rel=\"noreferrer noopener\" href=\"https:\/\/gissacg.fr\/private\/data\/2021-2022\/Compte-rendu\/CR-CA-20221007.pdf\" target=\"_blank\">le compte rendu de la r\u00e9union du CA num\u00e9ro 4 du 7 octobre 2022<\/a><\/li>\n\n\n\n<li><a rel=\"noreferrer noopener\" href=\"https:\/\/gissacg.fr\/private\/data\/2021-2022\/Compte-rendu\/CR-CA-20220908.pdf\" target=\"_blank\">le compte rendu de la r\u00e9union du CA num\u00e9ro 3 du 8 septembre 2022<\/a><\/li>\n\n\n\n<li><a rel=\"noreferrer noopener\" href=\"https:\/\/gissacg.fr\/private\/data\/2021-2022\/Compte-rendu\/CR-CA-20220622.pdf\" target=\"_blank\">le compte rendu de la r\u00e9union du CA num\u00e9ro  2 du 22 juin 2022<\/a><\/li>\n\n\n\n<li><a rel=\"noreferrer noopener\" href=\"https:\/\/gissacg.fr\/private\/data\/2021-2022\/Compte-rendu\/CR-CA-20211203.pdf\" target=\"_blank\">le compte rendu de la r\u00e9union du CA num\u00e9ro 1 du 3 d\u00e9cembre 2021<\/a><\/li>\n<\/ul><\/div>\n<\/div><\/div>\n\n\n\n<div class=\"wp-block-advgb-tab advgb-tab-body-container\"><div class=\"advgb-tab-body-header advgb-tab-class-\">2020-2021<\/div><div class=\"advgb-tab-_2f09ba-3a advgb-tab-body\" aria-labelledby=\"advgb-tabs-tab4\">\n<p><\/p>\n\n\n\n<div class=\"wp-block-advgb-list\"><ul class=\"advgblist-30027bf4-fed8-4aa1-8894-7546a14412ed advgb-list advgb-list-controls-play\">\n<li><a href=\"https:\/\/gissacg.fr\/private\/data\/2020-2021\/Compte-rendu\/CR-AG-2021-20211120.pdf\" target=\"_blank\" rel=\"noreferrer noopener\">le compte rendu de l&rsquo;AG 2021 du 20 novembre 2021<\/a><\/li>\n\n\n\n<li><a href=\"https:\/\/gissacg.fr\/private\/data\/2020-2021\/Compte-rendu\/CR-CA-20211022.pdf\">le compte rendu de la r\u00e9union du CA num\u00e9ro 5 du 22 octobre 2021<\/a><\/li>\n\n\n\n<li><a href=\"https:\/\/gissacg.fr\/private\/data\/2019-2020\/Compte-rendu\/CR-CA-20191116.pdf\"><\/a><a href=\"https:\/\/gissacg.fr\/private\/data\/2020-2021\/Compte-rendu\/CR-CA-20210924.pdf\">le compte rendu de la r\u00e9union du CA num\u00e9ro 4 du 24 septembre 2021<\/a><\/li>\n\n\n\n<li><a href=\"https:\/\/gissacg.fr\/private\/data\/2019-2020\/Compte-rendu\/CR-CA-20191116.pdf\"><\/a><a href=\"https:\/\/gissacg.fr\/private\/data\/2020-2021\/Compte-rendu\/CR-CA-20210611.pdf\">le compte rendu de la r\u00e9union du CA num\u00e9ro 3 du 11 juin 2021<\/a><\/li>\n\n\n\n<li><a href=\"https:\/\/gissacg.fr\/private\/data\/2019-2020\/Compte-rendu\/CR-CA-20191116.pdf\"><\/a><a href=\"https:\/\/gissacg.fr\/private\/data\/2020-2021\/Compte-rendu\/CR-CA-20210226.pdf\">le compte rendu de la r\u00e9union du CA num\u00e9ro 2 du 26 f\u00e9vrier 2021<\/a><\/li>\n\n\n\n<li><a href=\"https:\/\/gissacg.fr\/private\/data\/2019-2020\/Compte-rendu\/CR-CA-20191116.pdf\"><\/a><a href=\"https:\/\/gissacg.fr\/private\/data\/2020-2021\/Compte-rendu\/CR-CA-20201114.pdf\">le compte rendu de la r\u00e9union du CA num\u00e9ro 1 du 14 novembre 2020<\/a><\/li>\n<\/ul><\/div>\n<\/div><\/div>\n\n\n\n<div class=\"wp-block-advgb-tab advgb-tab-body-container\"><div class=\"advgb-tab-body-header advgb-tab-class-\">2019-2020<\/div><div class=\"advgb-tab-_80d884-97 advgb-tab-body\" aria-labelledby=\"advgb-tabs-tab5\">\n<p><\/p>\n\n\n\n<div class=\"wp-block-advgb-list\"><ul class=\"advgblist-05c0ed2f-7d94-4234-b02d-0307691b6d18 advgb-list advgb-list-controls-play\">\n<li><a href=\"https:\/\/gissacg.fr\/private\/data\/2019-2020\/Compte-rendu\/CR-CA-20191116.pdf\">le compte rendu de la r\u00e9union du CA num\u00e9ro 1  du 16 novembre 2019<\/a><\/li>\n\n\n\n<li><a href=\"https:\/\/gissacg.fr\/private\/data\/2019-2020\/Compte-rendu\/CR-CA-20200117.pdf\">le compte rendu de la r\u00e9union du CA num\u00e9ro 2 du 17 janvier 2020<\/a><\/li>\n\n\n\n<li><a href=\"https:\/\/gissacg.fr\/private\/data\/2019-2020\/Compte-rendu\/CR-CA-20200508.pdf\">le compte rendu de la r\u00e9union du CA num\u00e9ro 3 du 8 mai 2020<\/a><\/li>\n\n\n\n<li><a href=\"https:\/\/gissacg.fr\/private\/data\/2019-2020\/Compte-rendu\/CR-CA-20201016.pdf\">le compte rendu de la r\u00e9union du CA num\u00e9ro 4 du 16 octobre 2020<\/a><\/li>\n\n\n\n<li><a href=\"https:\/\/gissacg.fr\/private\/data\/2019-2020\/Compte-rendu\/CR-AG-2019-2020-20201106.pdf\">le compte rendu de l&rsquo;assembl\u00e9e g\u00e9n\u00e9rale 2019-2020 du 6 novembre 2020<\/a><\/li>\n<\/ul><\/div>\n<\/div><\/div>\n<\/div><\/div>\n\n\n\n<p><\/p>\n\n\n\n<p>Bonne lecture<\/p>\n\n\n<style class=\"advgb-styles-renderer\">#advgb-infobox-14c1f137-0127-4a61-aca5-d967731e458b, .advgb-infobox-14c1f137-0127-4a61-aca5-d967731e458b {background-color: #eeeeee;padding: 20px 20px 20px 20px;border: 0px solid #e8e8e8 ;border-radius: 15px;}#advgb-infobox-14c1f137-0127-4a61-aca5-d967731e458b .advgb-infobox-icon-container, .advgb-infobox-14c1f137-0127-4a61-aca5-d967731e458b .advgb-infobox-icon-container {background-color: #eeeeee;padding: 0;margin: 0;border: 0px solid #e8e8e8 ;border-radius: 0px;}#advgb-infobox-14c1f137-0127-4a61-aca5-d967731e458b .advgb-infobox-icon-container i, .advgb-infobox-14c1f137-0127-4a61-aca5-d967731e458b .advgb-infobox-icon-container i {color: #333;font-size: 70px;display: block;}#advgb-infobox-14c1f137-0127-4a61-aca5-d967731e458b .advgb-infobox-textcontent .advgb-infobox-title, .advgb-infobox-14c1f137-0127-4a61-aca5-d967731e458b .advgb-infobox-textcontent .advgb-infobox-title {color: #333;padding: 0;margin: 5px 0 10px 0;white-space: pre-wrap;}#advgb-infobox-14c1f137-0127-4a61-aca5-d967731e458b .advgb-infobox-textcontent .advgb-infobox-text, .advgb-infobox-14c1f137-0127-4a61-aca5-d967731e458b .advgb-infobox-textcontent .advgb-infobox-text {color: #333;padding: 0;margin: 0;white-space: pre-wrap;}.advgb-tabs-da3dccc6-2bcc-4751-a655-70f79bc0a0e9 ul.advgb-tabs-panel li.advgb-tab.advgb-tab-active {background-color:#5954d6 !important;color:#fff !important;}#advgb-tabs-da3dccc6-2bcc-4751-a655-70f79bc0a0e9 .advgb-tab-body-header.header-active, .advgb-tabs-da3dccc6-2bcc-4751-a655-70f79bc0a0e9 .advgb-tab-body-header.header-active{background-color:#5954d6 !important;color:#fff !important;}.wp-block-advgb-list ul.advgblist-ab00c749-d0c7-4ba9-af88-2d8490e846fe > li{font-size:16px;}.wp-block-advgb-list ul.advgblist-ab00c749-d0c7-4ba9-af88-2d8490e846fe > li{padding-left:18px;margin-left:0;}.wp-block-advgb-list ul.advgblist-ab00c749-d0c7-4ba9-af88-2d8490e846fe > li:before{font-size:16px;color:#ff0000;line-height:18px;margin:2px;padding:2px;margin-left:-20px}.wp-block-advgb-list ul.advgblist-71881d05-7d9d-4162-b184-04c48f91da71 > li{font-size:16px;}.wp-block-advgb-list ul.advgblist-71881d05-7d9d-4162-b184-04c48f91da71 > li{padding-left:18px;margin-left:0;}.wp-block-advgb-list ul.advgblist-71881d05-7d9d-4162-b184-04c48f91da71 > li:before{font-size:16px;color:#ff0000;line-height:18px;margin:2px;padding:2px;margin-left:-20px}.wp-block-advgb-list ul.advgblist-ab7a81e3-8d86-4350-aaf4-7b6837ea44af > li{font-size:16px;}.wp-block-advgb-list ul.advgblist-ab7a81e3-8d86-4350-aaf4-7b6837ea44af > li{padding-left:18px;margin-left:0;}.wp-block-advgb-list ul.advgblist-ab7a81e3-8d86-4350-aaf4-7b6837ea44af > li:before{font-size:16px;color:#ff0000;line-height:18px;margin:2px;padding:2px;margin-left:-20px}.wp-block-advgb-list ul.advgblist-96f35316-e74b-4f90-a27b-201707f744ca > li{font-size:16px;}.wp-block-advgb-list ul.advgblist-96f35316-e74b-4f90-a27b-201707f744ca > li{padding-left:18px;margin-left:0;}.wp-block-advgb-list ul.advgblist-96f35316-e74b-4f90-a27b-201707f744ca > li:before{font-size:16px;color:#ff0000;line-height:18px;margin:2px;padding:2px;margin-left:-20px}.wp-block-advgb-list ul.advgblist-30027bf4-fed8-4aa1-8894-7546a14412ed > li{font-size:16px;}.wp-block-advgb-list ul.advgblist-30027bf4-fed8-4aa1-8894-7546a14412ed > li{padding-left:18px;margin-left:0;}.wp-block-advgb-list ul.advgblist-30027bf4-fed8-4aa1-8894-7546a14412ed > li:before{font-size:16px;color:#ff0000;line-height:18px;margin:2px;padding:2px;margin-left:-20px}.wp-block-advgb-list ul.advgblist-05c0ed2f-7d94-4234-b02d-0307691b6d18 > li{font-size:16px;}.wp-block-advgb-list ul.advgblist-05c0ed2f-7d94-4234-b02d-0307691b6d18 > li{padding-left:18px;margin-left:0;}.wp-block-advgb-list ul.advgblist-05c0ed2f-7d94-4234-b02d-0307691b6d18 > li:before{font-size:16px;color:#cf2e2e;line-height:18px;margin:2px;padding:2px;margin-left:-20px}<\/style>","protected":false},"excerpt":{"rendered":"<p>Bonne lecture<\/p>\n<p class=\"continue-reading-button\"> <a class=\"continue-reading-link\" href=\"https:\/\/gissacg.fr\/index.php\/les-comptes-rendus-du-ca-de-lannee\/\">Lire la suite<i class=\"crycon-right-dir\"><\/i><\/a><\/p>\n","protected":false},"author":1,"featured_media":0,"parent":0,"menu_order":0,"comment_status":"closed","ping_status":"closed","template":"","meta":{"wpm_timeformat":"","_wpm_styles":"","advgb_blocks_editor_width":"","advgb_blocks_columns_visual_guide":"","footnotes":""},"class_list":["post-904","page","type-page","status-publish","hentry"],"coauthors":[],"author_meta":{"author_link":"https:\/\/gissacg.fr\/index.php\/author\/admin\/","display_name":"Webmaster GISSaCG"},"relative_dates":{"created":"Publi\u00e9 6 ans il y a","modified":"Mis \u00e0 jour 12 mois il y a"},"absolute_dates":{"created":"Publi\u00e9 le 15 d\u00e9cembre 2019","modified":"Mise \u00e0 jour le 22 mai 2025"},"absolute_dates_time":{"created":"Publi\u00e9 le 15 d\u00e9cembre 2019 10 h 57 min","modified":"Mise \u00e0 jour le 22 mai 2025 13 h 40 min"},"featured_img_caption":"","featured_img":false,"series_order":"","_links":{"self":[{"href":"https:\/\/gissacg.fr\/index.php\/wp-json\/wp\/v2\/pages\/904","targetHints":{"allow":["GET"]}}],"collection":[{"href":"https:\/\/gissacg.fr\/index.php\/wp-json\/wp\/v2\/pages"}],"about":[{"href":"https:\/\/gissacg.fr\/index.php\/wp-json\/wp\/v2\/types\/page"}],"author":[{"embeddable":true,"href":"https:\/\/gissacg.fr\/index.php\/wp-json\/wp\/v2\/users\/1"}],"replies":[{"embeddable":true,"href":"https:\/\/gissacg.fr\/index.php\/wp-json\/wp\/v2\/comments?post=904"}],"version-history":[{"count":96,"href":"https:\/\/gissacg.fr\/index.php\/wp-json\/wp\/v2\/pages\/904\/revisions"}],"predecessor-version":[{"id":4490,"href":"https:\/\/gissacg.fr\/index.php\/wp-json\/wp\/v2\/pages\/904\/revisions\/4490"}],"wp:attachment":[{"href":"https:\/\/gissacg.fr\/index.php\/wp-json\/wp\/v2\/media?parent=904"}],"curies":[{"name":"wp","href":"https:\/\/api.w.org\/{rel}","templated":true}]}}