{"id":798,"date":"2019-11-14T23:57:36","date_gmt":"2019-11-14T22:57:36","guid":{"rendered":"https:\/\/gissacg.fr\/?page_id=798"},"modified":"2026-03-16T13:08:45","modified_gmt":"2026-03-16T12:08:45","slug":"inscription-au-club","status":"publish","type":"page","link":"https:\/\/gissacg.fr\/index.php\/inscription-au-club\/","title":{"rendered":"Inscription au club"},"content":{"rendered":"<table style=\"width: 100%; height: 233px;\" border=\"0\" align=\"center\" bgcolor=\"#e0ffff\">\n<tbody>\n<tr style=\"height: 95px;\">\n<td style=\"width: 100%; height: 95px;\" colspan=\"2\" align=\"center\">\n<h1 style=\"text-align: center;\"><span class=\"ez-toc-section\" id=\"Tarifs_Saison_2025-2026\"><\/span>Tarifs Saison 2025-2026<span class=\"ez-toc-section-end\"><\/span><\/h1>\n<\/td>\n<\/tr>\n<tr style=\"height: 23px;\">\n<td style=\"text-align: center; width: 100%; height: 23px;\" colspan=\"2\" align=\"center\">\u00a0<\/td>\n<\/tr>\n<tr style=\"height: 23px;\">\n<td style=\"width: 60%; height: 23px;\" width=\"60%\"><b>Adultes<\/b> (16 ans &amp; plus) &#8211; Cotisation et Licence FFESSM<\/td>\n<td style=\"width: 40%; height: 23px;\" width=\"40%\">195\u20ac plus \u00e9ventuelle cotisation mat\u00e9riel<\/td>\n<\/tr>\n<tr style=\"height: 23px;\">\n<td style=\"width: 60%; height: 23px;\" width=\"60%\"><b>Adolescents<\/b> (12 \u00e0 15 ans) &#8211; Cotisation et Licence FFESSM<\/td>\n<td style=\"width: 40%; height: 23px;\" width=\"40%\">145\u20ac<\/td>\n<\/tr>\n<tr style=\"height: 23px;\">\n<td style=\"width: 60%; height: 23px;\"><b>Enfants<\/b> (8 \u00e0 11 ans) &#8211; Cotisation et Licence FFESSM<\/td>\n<td style=\"width: 40%; height: 23px;\">125\u20ac<\/td>\n<\/tr>\n<tr style=\"height: 46px;\">\n<td style=\"width: 60%; height: 46px;\" width=\"60%\"><b>Invit\u00e9s<\/b> (quelques plong\u00e9es maxi sur invitation d&rsquo;un membre du club)<\/td>\n<td style=\"width: 40%; height: 46px;\" width=\"40%\">5\u20ac la plong\u00e9e<\/td>\n<\/tr>\n<\/tbody>\n<\/table>\n<div class=\"moz-text-flowed\" lang=\"x-unicode\">\u00a0<\/div>\n<p align=\"center\"><img loading=\"lazy\" decoding=\"async\" src=\"http:\/\/gissacg.free.fr\/images\/thin_red.gif\" width=\"520\" height=\"2\" align=\"bottom\" \/><\/p>\n<h3 align=\"center\"><span class=\"ez-toc-section\" id=\"Lannee_va_du_1er_septembre_a_fin_octobre_de_lannee_suivante\"><\/span>L&rsquo;ann\u00e9e va du 1er septembre \u00e0 fin octobre de l&rsquo;ann\u00e9e suivante<span class=\"ez-toc-section-end\"><\/span><\/h3>\n<table style=\"width: 100%;\" border=\"0\" align=\"center\">\n<tbody>\n<tr>\n<td style=\"width: 30%; vertical-align: middle;\" align=\"left\" valign=\"top\"><b>D\u00e9butants et N 1 :<\/b><\/td>\n<td style=\"width: 70%;\" align=\"left\" valign=\"top\" width=\"70%\">\n<div align=\"justify\">Nous vous invitons \u00e0 nous rencontrer d\u00e9but septembre au forum des associations de Perros-Guirec.<\/div>\n<div align=\"justify\"><em>Pour nouveaux adh\u00e9rents inscrits pour la formation N1, la location du mat\u00e9riel est offerte<\/em><\/div>\n<\/td>\n<\/tr>\n<tr>\n<td style=\"width: 30%; vertical-align: middle;\" align=\"left\" valign=\"top\"><b>N 2 et plus :<\/b><\/td>\n<td style=\"width: 70%;\" align=\"left\" valign=\"top\" width=\"70%\">\n<div align=\"justify\">\n<p>Les inscriptions sont libres et prises toute l&rsquo;ann\u00e9e. Merci de <b>lire la notice<\/b> et d&rsquo;utiliser les documents suivants n\u00e9cessaires \u00e0 l&rsquo;inscription :<\/p>\n<ul>\n<li><a href=\"https:\/\/gissacg.fr\/wp-content\/uploads\/2026\/03\/Notice-2025-2026_v2.pdf\">Notice de constitution du dossier<\/a><\/li>\n<li><a href=\"https:\/\/gissacg.fr\/wp-content\/uploads\/2025\/08\/Fiche-dinscription-2025_2026.pdf\" target=\"_blank\" rel=\"noopener\">Fiche d&rsquo;inscription<\/a><\/li>\n<li><a href=\"https:\/\/gissacg.fr\/wp-content\/uploads\/2025\/06\/CACI-2025.pdf\" target=\"_blank\" rel=\"noopener\">Certificat m\u00e9dical (CACI)<\/a><\/li>\n<li><a href=\"https:\/\/gissacg.fr\/wp-content\/uploads\/2025\/08\/Fiche-AIA_Licencie-FFESSM_LafontAssurances-2025-2026.pdf\" target=\"_blank\" rel=\"noopener\">Le tableau des garanties de l&rsquo;assurance compl\u00e9mentaire (facultative) AXA-LAFONT (partenaire FFESSM)<\/a><\/li>\n<\/ul>\n<\/div>\n<\/td>\n<\/tr>\n<\/tbody>\n<\/table>\n<p align=\"center\"><img loading=\"lazy\" decoding=\"async\" src=\"http:\/\/gissacg.free.fr\/images\/thin_red.gif\" width=\"520\" height=\"2\" align=\"bottom\" \/><\/p>\n<h3 align=\"center\"><span class=\"ez-toc-section\" id=\"Points_pratiques_pour_une_bonne_marche_du_club_et_pour_limiter_le_travail_de_notre_secretaire_et_de_notre_tresorier\"><\/span>Points pratiques pour une bonne marche du club et pour limiter le travail de notre secr\u00e9taire et de notre tr\u00e9sorier<span class=\"ez-toc-section-end\"><\/span><\/h3>\n<ul>\n<li><strong><span style=\"color: red;\">Merci de bien lire la notice d&rsquo;inscription<\/span><\/strong><\/li>\n<li>Les inscriptions \u00e0 la FFESSM ne seront envoy\u00e9es qu&rsquo;\u00e0 la r\u00e9ception du dossier d&rsquo;inscription complet<\/li>\n<li>Le certificat m\u00e9dical \u00e9tant valide pour un an, vous vous engagez \u00e0 renouveler et \u00e0 envoyer un nouveau certificat m\u00e9dical au secr\u00e9taire avant la date d&rsquo;expiration, il est souhait\u00e9 que <strong><span style=\"color: #ff0000;\">le CACI soit post\u00e9rieur au 1\/11\/2025<\/span><\/strong><\/li>\n<li>La fiche d&rsquo;inscription doit \u00eatre compl\u00e9t\u00e9e et sign\u00e9e<\/li>\n<li>Paiement uniquement par virement (bien pr\u00e9cis\u00e9 votre nom ainsi que la raison sur le virement)\u00a0<\/li>\n<\/ul>\n<p style=\"text-align: center;\"><strong>IBAN GISSACG<\/strong> : FR76 1558 9228 0502 4648 2804 009 (BIC : CMBRFR2BXXX)<\/p>\n<ul>\n<li>Afin de faciliter la gestion du tr\u00e9sorier, pour le paiement de la cotisation, <strong>pr\u00e9voir 1 virement pour l&rsquo;adh\u00e9sion et 1 autre virement du montant de l&rsquo;assurance si souscrite<\/strong> le tout \u00e0 l&rsquo;ordre du \u00ab\u00a0GISSACG\u00a0\u00bb . Si un paiement fractionn\u00e9 est demand\u00e9, s&rsquo;adresser \u00e0 president@gissacg.fr\u00a0<\/li>\n<\/ul>\n<p align=\"center\"><img loading=\"lazy\" decoding=\"async\" src=\"http:\/\/gissacg.free.fr\/images\/thin_red.gif\" width=\"520\" height=\"2\" align=\"bottom\" \/><\/p>\n<h3 align=\"center\"><span class=\"ez-toc-section\" id=\"Ou_deposer_son_dossier\"><\/span>O\u00f9 d\u00e9poser son dossier ?<span class=\"ez-toc-section-end\"><\/span><\/h3>\n<ul>\n<li>De pr\u00e9f\u00e9rence par courriel \u00e0 l&rsquo;adresse suivante (un fichier pour la fiche d&rsquo;inscription, un fichier \u00e0 part pour le CACI, un fichier \u00e0 part pour la photo (nouveaux adh\u00e9rents), format pdf ou jpeg pour les fichiers) : <a href=\"mailto:secretaire@gissacg.fr\">secretaire@gissacg.fr<\/a><\/li>\n<li>En cas d&rsquo;impossibilit\u00e9, par voie postale, \u00e0 l&rsquo;adresse suivante :<br \/>Jean-Luc HALPER &#8211; 3 impasse fran\u00e7ois-marie LUZEL &#8211; 22300 PLOUBEZRE<\/li>\n<\/ul>\n<p><img loading=\"lazy\" decoding=\"async\" class=\"aligncenter\" src=\"http:\/\/gissacg.free.fr\/images\/thin_red.gif\" width=\"520\" height=\"2\" align=\"bottom\" \/><\/p>\n<p style=\"text-align: center;\"><i><span style=\"color: #0000cc;\">Pour tout autre renseignement, vous pouvez nous contacter \u00e0 l&rsquo;adresse courriel suivante :<br \/><\/span><\/i><i><span style=\"color: #0000cc;\"> <a href=\"mailto:secretaire@gissacg.fr\">secretaire@gissacg.fr <\/a><\/span><\/i><\/p>\n\n","protected":false},"excerpt":{"rendered":"<p>Tarifs Saison 2025-2026 \u00a0 Adultes (16 ans &amp; plus) &#8211; Cotisation et Licence FFESSM 195\u20ac plus \u00e9ventuelle cotisation mat\u00e9riel Adolescents (12 \u00e0 15 ans) &#8211; Cotisation et Licence FFESSM 145\u20ac Enfants (8 \u00e0 11 ans) &#8211; Cotisation et Licence FFESSM 125\u20ac Invit\u00e9s (quelques plong\u00e9es maxi sur invitation d&rsquo;un membre du&#8230;<\/p>\n<p class=\"continue-reading-button\"> <a class=\"continue-reading-link\" href=\"https:\/\/gissacg.fr\/index.php\/inscription-au-club\/\">Lire la suite<i class=\"crycon-right-dir\"><\/i><\/a><\/p>\n","protected":false},"author":1,"featured_media":0,"parent":0,"menu_order":0,"comment_status":"closed","ping_status":"closed","template":"","meta":{"wpm_timeformat":"","_wpm_styles":"","advgb_blocks_editor_width":"","advgb_blocks_columns_visual_guide":"","footnotes":""},"class_list":["post-798","page","type-page","status-publish","hentry"],"coauthors":[],"author_meta":{"author_link":"https:\/\/gissacg.fr\/index.php\/author\/admin\/","display_name":"Webmaster GISSaCG"},"relative_dates":{"created":"Publi\u00e9 6 ans il y a","modified":"Mis \u00e0 jour 2 mois il y a"},"absolute_dates":{"created":"Publi\u00e9 le 14 novembre 2019","modified":"Mise \u00e0 jour le 16 mars 2026"},"absolute_dates_time":{"created":"Publi\u00e9 le 14 novembre 2019 23 h 57 min","modified":"Mise \u00e0 jour le 16 mars 2026 13 h 08 min"},"featured_img_caption":"","featured_img":false,"series_order":"","_links":{"self":[{"href":"https:\/\/gissacg.fr\/index.php\/wp-json\/wp\/v2\/pages\/798","targetHints":{"allow":["GET"]}}],"collection":[{"href":"https:\/\/gissacg.fr\/index.php\/wp-json\/wp\/v2\/pages"}],"about":[{"href":"https:\/\/gissacg.fr\/index.php\/wp-json\/wp\/v2\/types\/page"}],"author":[{"embeddable":true,"href":"https:\/\/gissacg.fr\/index.php\/wp-json\/wp\/v2\/users\/1"}],"replies":[{"embeddable":true,"href":"https:\/\/gissacg.fr\/index.php\/wp-json\/wp\/v2\/comments?post=798"}],"version-history":[{"count":59,"href":"https:\/\/gissacg.fr\/index.php\/wp-json\/wp\/v2\/pages\/798\/revisions"}],"predecessor-version":[{"id":5042,"href":"https:\/\/gissacg.fr\/index.php\/wp-json\/wp\/v2\/pages\/798\/revisions\/5042"}],"wp:attachment":[{"href":"https:\/\/gissacg.fr\/index.php\/wp-json\/wp\/v2\/media?parent=798"}],"curies":[{"name":"wp","href":"https:\/\/api.w.org\/{rel}","templated":true}]}}