{"id":525,"date":"2019-03-11T21:08:05","date_gmt":"2019-03-11T20:08:05","guid":{"rendered":"https:\/\/gissacg.fr\/?page_id=525"},"modified":"2023-03-27T13:42:31","modified_gmt":"2023-03-27T11:42:31","slug":"les-supports-formation","status":"publish","type":"page","link":"https:\/\/gissacg.fr\/index.php\/les-supports-formation\/","title":{"rendered":"Les supports de formation"},"content":{"rendered":"","protected":true},"excerpt":{"rendered":"","protected":true},"author":1,"featured_media":0,"parent":0,"menu_order":0,"comment_status":"closed","ping_status":"closed","template":"","meta":{"wpm_timeformat":"","_wpm_styles":"","advgb_blocks_editor_width":"","advgb_blocks_columns_visual_guide":"","footnotes":""},"class_list":["post-525","page","type-page","status-publish","post-password-required","hentry"],"coauthors":[],"author_meta":{"author_link":"https:\/\/gissacg.fr\/index.php\/author\/admin\/","display_name":"Webmaster GISSaCG"},"relative_dates":{"created":"Publi\u00e9 7 ans il y a","modified":"Mis \u00e0 jour 3 ans il y a"},"absolute_dates":{"created":"Publi\u00e9 le 11 mars 2019","modified":"Mise \u00e0 jour le 27 mars 2023"},"absolute_dates_time":{"created":"Publi\u00e9 le 11 mars 2019 21 h 08 min","modified":"Mise \u00e0 jour le 27 mars 2023 13 h 42 min"},"featured_img_caption":"","featured_img":false,"series_order":"","_links":{"self":[{"href":"https:\/\/gissacg.fr\/index.php\/wp-json\/wp\/v2\/pages\/525","targetHints":{"allow":["GET"]}}],"collection":[{"href":"https:\/\/gissacg.fr\/index.php\/wp-json\/wp\/v2\/pages"}],"about":[{"href":"https:\/\/gissacg.fr\/index.php\/wp-json\/wp\/v2\/types\/page"}],"author":[{"embeddable":true,"href":"https:\/\/gissacg.fr\/index.php\/wp-json\/wp\/v2\/users\/1"}],"replies":[{"embeddable":true,"href":"https:\/\/gissacg.fr\/index.php\/wp-json\/wp\/v2\/comments?post=525"}],"version-history":[{"count":48,"href":"https:\/\/gissacg.fr\/index.php\/wp-json\/wp\/v2\/pages\/525\/revisions"}],"predecessor-version":[{"id":2918,"href":"https:\/\/gissacg.fr\/index.php\/wp-json\/wp\/v2\/pages\/525\/revisions\/2918"}],"wp:attachment":[{"href":"https:\/\/gissacg.fr\/index.php\/wp-json\/wp\/v2\/media?parent=525"}],"curies":[{"name":"wp","href":"https:\/\/api.w.org\/{rel}","templated":true}]}}