{"id":4366,"date":"2025-05-01T17:59:23","date_gmt":"2025-05-01T15:59:23","guid":{"rendered":"https:\/\/gissacg.fr\/?page_id=4366"},"modified":"2025-05-28T10:27:23","modified_gmt":"2025-05-28T08:27:23","slug":"contacts-club","status":"publish","type":"page","link":"https:\/\/gissacg.fr\/index.php\/contacts-club\/","title":{"rendered":"Contacts club"},"content":{"rendered":"","protected":true},"excerpt":{"rendered":"","protected":true},"author":1,"featured_media":0,"parent":0,"menu_order":0,"comment_status":"closed","ping_status":"closed","template":"","meta":{"wpm_timeformat":"","_wpm_styles":"","advgb_blocks_editor_width":"","advgb_blocks_columns_visual_guide":"","footnotes":""},"class_list":["post-4366","page","type-page","status-publish","post-password-required","hentry"],"coauthors":[],"author_meta":{"author_link":"https:\/\/gissacg.fr\/index.php\/author\/admin\/","display_name":"Webmaster GISSaCG"},"relative_dates":{"created":"Publi\u00e9 12 mois il y a","modified":"Mis \u00e0 jour 11 mois il y a"},"absolute_dates":{"created":"Publi\u00e9 le 1 mai 2025","modified":"Mise \u00e0 jour le 28 mai 2025"},"absolute_dates_time":{"created":"Publi\u00e9 le 1 mai 2025 17 h 59 min","modified":"Mise \u00e0 jour le 28 mai 2025 10 h 27 min"},"featured_img_caption":"","featured_img":false,"series_order":"","_links":{"self":[{"href":"https:\/\/gissacg.fr\/index.php\/wp-json\/wp\/v2\/pages\/4366","targetHints":{"allow":["GET"]}}],"collection":[{"href":"https:\/\/gissacg.fr\/index.php\/wp-json\/wp\/v2\/pages"}],"about":[{"href":"https:\/\/gissacg.fr\/index.php\/wp-json\/wp\/v2\/types\/page"}],"author":[{"embeddable":true,"href":"https:\/\/gissacg.fr\/index.php\/wp-json\/wp\/v2\/users\/1"}],"replies":[{"embeddable":true,"href":"https:\/\/gissacg.fr\/index.php\/wp-json\/wp\/v2\/comments?post=4366"}],"version-history":[{"count":13,"href":"https:\/\/gissacg.fr\/index.php\/wp-json\/wp\/v2\/pages\/4366\/revisions"}],"predecessor-version":[{"id":4503,"href":"https:\/\/gissacg.fr\/index.php\/wp-json\/wp\/v2\/pages\/4366\/revisions\/4503"}],"wp:attachment":[{"href":"https:\/\/gissacg.fr\/index.php\/wp-json\/wp\/v2\/media?parent=4366"}],"curies":[{"name":"wp","href":"https:\/\/api.w.org\/{rel}","templated":true}]}}