{"id":4350,"date":"2025-04-18T14:04:09","date_gmt":"2025-04-18T12:04:09","guid":{"rendered":"https:\/\/gissacg.fr\/?page_id=4350"},"modified":"2026-04-15T16:41:02","modified_gmt":"2026-04-15T14:41:02","slug":"annuaire-des-membres-du-club","status":"publish","type":"page","link":"https:\/\/gissacg.fr\/index.php\/annuaire-des-membres-du-club\/","title":{"rendered":"Annuaire des membres du club"},"content":{"rendered":"","protected":true},"excerpt":{"rendered":"","protected":true},"author":1,"featured_media":0,"parent":0,"menu_order":0,"comment_status":"closed","ping_status":"closed","template":"","meta":{"wpm_timeformat":"","_wpm_styles":"","advgb_blocks_editor_width":"","advgb_blocks_columns_visual_guide":"","footnotes":""},"class_list":["post-4350","page","type-page","status-publish","post-password-required","hentry"],"coauthors":[],"author_meta":{"author_link":"https:\/\/gissacg.fr\/index.php\/author\/admin\/","display_name":"Webmaster GISSaCG"},"relative_dates":{"created":"Publi\u00e9 12 mois il y a","modified":"Mis \u00e0 jour 12 heures il y a"},"absolute_dates":{"created":"Publi\u00e9 le 18 avril 2025","modified":"Mise \u00e0 jour le 15 avril 2026"},"absolute_dates_time":{"created":"Publi\u00e9 le 18 avril 2025 14 h 04 min","modified":"Mise \u00e0 jour le 15 avril 2026 16 h 41 min"},"featured_img_caption":"","featured_img":false,"series_order":"","_links":{"self":[{"href":"https:\/\/gissacg.fr\/index.php\/wp-json\/wp\/v2\/pages\/4350","targetHints":{"allow":["GET"]}}],"collection":[{"href":"https:\/\/gissacg.fr\/index.php\/wp-json\/wp\/v2\/pages"}],"about":[{"href":"https:\/\/gissacg.fr\/index.php\/wp-json\/wp\/v2\/types\/page"}],"author":[{"embeddable":true,"href":"https:\/\/gissacg.fr\/index.php\/wp-json\/wp\/v2\/users\/1"}],"replies":[{"embeddable":true,"href":"https:\/\/gissacg.fr\/index.php\/wp-json\/wp\/v2\/comments?post=4350"}],"version-history":[{"count":10,"href":"https:\/\/gissacg.fr\/index.php\/wp-json\/wp\/v2\/pages\/4350\/revisions"}],"predecessor-version":[{"id":5112,"href":"https:\/\/gissacg.fr\/index.php\/wp-json\/wp\/v2\/pages\/4350\/revisions\/5112"}],"wp:attachment":[{"href":"https:\/\/gissacg.fr\/index.php\/wp-json\/wp\/v2\/media?parent=4350"}],"curies":[{"name":"wp","href":"https:\/\/api.w.org\/{rel}","templated":true}]}}