{"id":3191,"date":"2023-04-27T15:28:17","date_gmt":"2023-04-27T13:28:17","guid":{"rendered":"https:\/\/gissacg.fr\/?page_id=3191"},"modified":"2023-04-28T15:32:20","modified_gmt":"2023-04-28T13:32:20","slug":"plonger-a-ploumanach-schema-du-skewell","status":"publish","type":"page","link":"https:\/\/gissacg.fr\/index.php\/plonger-a-ploumanach-la-securite-le-site\/plonger-a-ploumanach-schema-du-skewell\/","title":{"rendered":"Plonger \u00e0 Ploumanac\u2019h : sch\u00e9ma du Skewell"},"content":{"rendered":"\n<div class=\"wp-block-columns is-layout-flex wp-container-core-columns-is-layout-1 wp-block-columns-is-layout-flex\">\n<div class=\"wp-block-column is-vertically-aligned-center is-layout-flow wp-block-column-is-layout-flow\">\n<p><a href=\"https:\/\/gissacg.fr\/index.php\/plonger-a-ploumanach-la-securite-le-site\/\">\u00ab\u00ab La s\u00e9curit\u00e9 &#8211; le site<\/a><\/p>\n<\/div>\n\n\n\n<div class=\"wp-block-column is-vertically-aligned-center is-layout-flow wp-block-column-is-layout-flow\">\n<p style=\"text-align: center;\"><a href=\"https:\/\/gissacg.fr\/index.php\/plonger-a-ploumanach-la-securite-le-site\/plonger-a-ploumanach-schema-de-la-cale-pors-kamor\/\">\u00ab Sch\u00e9ma de la cale<\/a><\/p>\n<\/div>\n\n\n\n<div class=\"wp-block-column is-vertically-aligned-center is-layout-flow wp-block-column-is-layout-flow\"><\/div>\n<\/div>\n\n\n<div class=\"wp-block-image\">\n<figure class=\"aligncenter size-large advgb-dyn-6e8089df\"><img loading=\"lazy\" decoding=\"async\" width=\"243\" height=\"207\" src=\"https:\/\/gissacg.fr\/wp-content\/uploads\/2020\/07\/en-travaux.jpg\" alt=\"\" class=\"wp-image-1137\" srcset=\"https:\/\/gissacg.fr\/wp-content\/uploads\/2020\/07\/en-travaux.jpg 243w, https:\/\/gissacg.fr\/wp-content\/uploads\/2020\/07\/en-travaux-150x128.jpg 150w\" sizes=\"auto, (max-width: 243px) 100vw, 243px\" \/><\/figure><\/div>\n\n\n<p><strong>Attention,<\/strong> ce document n&rsquo;est ni une carte ni un plan. Les informations sont donn\u00e9es \u00e0 titre purement indicatif et subjectif, il s&rsquo;agit d&rsquo;un aide-m\u00e9moire recensant des points de rep\u00e8re remarquables destin\u00e9s \u00e0 vous aider dans la planification de vos plong\u00e9es. En passant la souris sur les points remarquables des infos appara\u00eetront en \u00ab\u00a0info-bulle\u00a0\u00bb, si vous cliquez les imagettes vous obtiendrez des agrandissements ou des films. Les profondeurs sont donn\u00e9es avec une fourchette correspondant \u00e0 l&rsquo;amplitude des mar\u00e9es moyennes de vives-eaux.<\/p>\n\n\n\n\n\n<div class=\"wp-block-columns is-layout-flex wp-container-core-columns-is-layout-2 wp-block-columns-is-layout-flex\">\n<div class=\"wp-block-column is-vertically-aligned-center is-layout-flow wp-block-column-is-layout-flow\">\n<p><a href=\"https:\/\/gissacg.fr\/index.php\/plonger-a-ploumanach-la-securite-le-site\/\">\u00ab\u00ab La s\u00e9curit\u00e9 &#8211; le site<\/a><\/p>\n<p><a href=\"https:\/\/gissacg.fr\/index.php\/plonger-a-ploumanach-la-securite-le-site\/\" rel=\"noopener\"><img loading=\"lazy\" decoding=\"async\" class=\"alignleft wp-image-2742 size-thumbnail\" src=\"https:\/\/gissacg.fr\/wp-content\/uploads\/2023\/03\/ploumAvecNotation-150x150.png\" alt=\"\" width=\"150\" height=\"150\" \/><\/a><\/p>\n<\/div>\n\n\n\n<div class=\"wp-block-column is-vertically-aligned-center is-layout-flow wp-block-column-is-layout-flow\">\n<p style=\"text-align: center;\"><a href=\"https:\/\/gissacg.fr\/index.php\/plonger-a-ploumanach-la-securite-le-site\/plonger-a-ploumanach-schema-de-la-cale-pors-kamor\/\">\u00ab Sch\u00e9ma de la cale<\/a><\/p>\n<p><a href=\"https:\/\/gissacg.fr\/index.php\/plonger-a-ploumanach-la-securite-le-site\/plonger-a-ploumanach-schema-de-la-cale-pors-kamor\/\"><img loading=\"lazy\" decoding=\"async\" class=\"aligncenter wp-image-2750 size-thumbnail\" src=\"https:\/\/gissacg.fr\/wp-content\/uploads\/2023\/03\/cale_ign-150x150.jpg\" alt=\"\" width=\"150\" height=\"150\" \/><\/a><\/p>\n<\/div>\n\n\n\n<div class=\"wp-block-column is-vertically-aligned-center is-layout-flow wp-block-column-is-layout-flow\"><\/div>\n<\/div>\n\n\n\n<h3 class=\"wp-block-heading\" id=\"un-peu-dhistoire-89f3c6a5-9e64-424f-b358-f3635f20c776\">R\u00e9f\u00e9rences<\/h3>\n\n\n\n<p><strong>Texte et composition de la page : <\/strong>Roger Poitevin (Septembre 2012) <br \/><strong>Cartographie : <a style=\"pointer-events: none;\" href=\"http:\/\/www.shom.fr\/\" target=\"_blank\" rel=\"noopener\">SHOM<\/a><\/strong><br \/><strong>Photos<\/strong> : GISSaCG\/R. Poitevin &#8211; GISSaCG\/H. Jacq<br \/><strong>Vues a\u00e9riennes<\/strong> : courtoisie <a style=\"pointer-events: none;\" href=\"http:\/\/www.ign.fr\" target=\"_blank\" rel=\"noopener\">IGN<\/a><\/p>\n\n\n\n<p><span style=\"color: #0033cc; font-size: xx-small;\">(MAJ Mars 2023 &#8211; Webmestre GISSaCG &#8211; JCP)<\/span><\/p>\n","protected":false},"excerpt":{"rendered":"<p>\u00ab\u00ab La s\u00e9curit\u00e9 &#8211; le site \u00ab Sch\u00e9ma de la cale Attention, ce document n&rsquo;est ni une carte ni un plan. Les informations sont donn\u00e9es \u00e0 titre purement indicatif et subjectif, il s&rsquo;agit d&rsquo;un aide-m\u00e9moire recensant des points de rep\u00e8re remarquables destin\u00e9s \u00e0 vous aider dans la planification de vos&#8230;<\/p>\n<p class=\"continue-reading-button\"> <a class=\"continue-reading-link\" href=\"https:\/\/gissacg.fr\/index.php\/plonger-a-ploumanach-la-securite-le-site\/plonger-a-ploumanach-schema-du-skewell\/\">Lire la suite<i class=\"crycon-right-dir\"><\/i><\/a><\/p>\n","protected":false},"author":1,"featured_media":0,"parent":2657,"menu_order":1,"comment_status":"closed","ping_status":"closed","template":"","meta":{"wpm_timeformat":"","_wpm_styles":"","advgb_blocks_editor_width":"","advgb_blocks_columns_visual_guide":"","footnotes":""},"class_list":["post-3191","page","type-page","status-publish","hentry"],"coauthors":[],"author_meta":{"author_link":"https:\/\/gissacg.fr\/index.php\/author\/admin\/","display_name":"Webmaster GISSaCG"},"relative_dates":{"created":"Publi\u00e9 3 ans il y a","modified":"Mis \u00e0 jour 3 ans il y a"},"absolute_dates":{"created":"Publi\u00e9 le 27 avril 2023","modified":"Mise \u00e0 jour le 28 avril 2023"},"absolute_dates_time":{"created":"Publi\u00e9 le 27 avril 2023 15 h 28 min","modified":"Mise \u00e0 jour le 28 avril 2023 15 h 32 min"},"featured_img_caption":"","featured_img":false,"series_order":"","_links":{"self":[{"href":"https:\/\/gissacg.fr\/index.php\/wp-json\/wp\/v2\/pages\/3191","targetHints":{"allow":["GET"]}}],"collection":[{"href":"https:\/\/gissacg.fr\/index.php\/wp-json\/wp\/v2\/pages"}],"about":[{"href":"https:\/\/gissacg.fr\/index.php\/wp-json\/wp\/v2\/types\/page"}],"author":[{"embeddable":true,"href":"https:\/\/gissacg.fr\/index.php\/wp-json\/wp\/v2\/users\/1"}],"replies":[{"embeddable":true,"href":"https:\/\/gissacg.fr\/index.php\/wp-json\/wp\/v2\/comments?post=3191"}],"version-history":[{"count":7,"href":"https:\/\/gissacg.fr\/index.php\/wp-json\/wp\/v2\/pages\/3191\/revisions"}],"predecessor-version":[{"id":3205,"href":"https:\/\/gissacg.fr\/index.php\/wp-json\/wp\/v2\/pages\/3191\/revisions\/3205"}],"up":[{"embeddable":true,"href":"https:\/\/gissacg.fr\/index.php\/wp-json\/wp\/v2\/pages\/2657"}],"wp:attachment":[{"href":"https:\/\/gissacg.fr\/index.php\/wp-json\/wp\/v2\/media?parent=3191"}],"curies":[{"name":"wp","href":"https:\/\/api.w.org\/{rel}","templated":true}]}}