{"id":3158,"date":"2023-04-21T13:58:48","date_gmt":"2023-04-21T11:58:48","guid":{"rendered":"https:\/\/gissacg.fr\/?page_id=3158"},"modified":"2023-04-28T15:42:50","modified_gmt":"2023-04-28T13:42:50","slug":"plonger-a-ploumanach-schema-de-la-cale-pors-kamor","status":"publish","type":"page","link":"https:\/\/gissacg.fr\/index.php\/plonger-a-ploumanach-la-securite-le-site\/plonger-a-ploumanach-schema-de-la-cale-pors-kamor\/","title":{"rendered":"Plonger \u00e0 Ploumanac\u2019h : sch\u00e9ma de la cale (Pors Kamor)"},"content":{"rendered":"\n<div class=\"wp-block-columns is-layout-flex wp-container-core-columns-is-layout-1 wp-block-columns-is-layout-flex\">\n<div class=\"wp-block-column is-vertically-aligned-center is-layout-flow wp-block-column-is-layout-flow\">\n<p><a href=\"https:\/\/gissacg.fr\/index.php\/plonger-a-ploumanach-la-securite-le-site\/\">\u00ab Plonger \u00e0 Ploum : La s\u00e9curit\u00e9<\/a><\/p>\n<\/div>\n\n\n\n<div class=\"wp-block-column is-vertically-aligned-center is-layout-flow wp-block-column-is-layout-flow\"><\/div>\n\n\n\n<div class=\"wp-block-column is-vertically-aligned-center is-layout-flow wp-block-column-is-layout-flow\">\n<p style=\"text-align: right;\"><a href=\"https:\/\/gissacg.fr\/index.php\/plonger-a-ploumanach-la-securite-le-site\/plonger-a-ploumanach-schema-du-skewell\/\">Sch\u00e9ma du Skewell \u00bb<\/a><\/p>\n<\/div>\n<\/div>\n\n\n<div class=\"wp-block-image is-style-rounded\">\n<figure class=\"aligncenter size-full\"><img loading=\"lazy\" decoding=\"async\" width=\"500\" height=\"176\" src=\"https:\/\/gissacg.fr\/wp-content\/uploads\/2023\/02\/cale_pano.jpg\" alt=\"\" class=\"wp-image-2659\" srcset=\"https:\/\/gissacg.fr\/wp-content\/uploads\/2023\/02\/cale_pano.jpg 500w, https:\/\/gissacg.fr\/wp-content\/uploads\/2023\/02\/cale_pano-300x106.jpg 300w, https:\/\/gissacg.fr\/wp-content\/uploads\/2023\/02\/cale_pano-150x53.jpg 150w\" sizes=\"auto, (max-width: 500px) 100vw, 500px\" \/><\/figure><\/div>\n\n\n<p><strong>Attention,<\/strong> ce document n&rsquo;est ni une carte ni un plan. Les informations sont donn\u00e9es \u00e0 titre purement indicatif et subjectif, il s&rsquo;agit d&rsquo;un aide-m\u00e9moire recensant des points de rep\u00e8re remarquables destin\u00e9s \u00e0 vous aider dans la planification de vos plong\u00e9es. En passant la souris sur les points remarquables des infos appara\u00eetront en \u00ab\u00a0info-bulle\u00a0\u00bb, si vous cliquez les imagettes vous obtiendrez des agrandissements ou des films. Les profondeurs sont donn\u00e9es avec une fourchette correspondant \u00e0 l&rsquo;amplitude des mar\u00e9es moyennes de vives-eaux.<\/p>\n\n\n\n<div style=\"position: relative; max-width: 500px;\" class=\"aligncenter\">\n<img decoding=\"async\" loading=\"lazy\" src=\"https:\/\/gissacg.fr\/wp-content\/uploads\/2023\/03\/cale_web.jpg\" alt=\"Plan de la cale de Pors Kamor\" srcset=\"https:\/\/gissacg.fr\/wp-content\/uploads\/2023\/03\/cale_web.jpg 500w, https:\/\/gissacg.fr\/wp-content\/uploads\/2023\/03\/cale_web-183x300.jpg 183w, https:\/\/gissacg.fr\/wp-content\/uploads\/2023\/03\/cale_web-92x150.jpg 92w\" sizes=\"auto, (max-width: 500px) 100vw, 500px\" width=\"500\" height=\"818\">\n<a class=\"popmake-3032\" title=\"Entr\u00e9e nord du dolmen (vid\u00e9o)\" style=\"position: absolute; left: 89.8%; top: 17.97%; width: 10%; height: 4.52%; z-index: 2;\"><\/a>\n<a class=\"popmake-3113\" title=\"Entr\u00e9e sud du dolmen (vid\u00e9o)\" style=\"position: absolute; left: 90%; top: 30.68%; width: 10%; height: 4.03%; z-index: 2;\"><\/a>\n<a class=\"popmake-3128\" title=\"Entr\u00e9e sud du dolmen (vid\u00e9o 2i\u00e8me partie)\" style=\"position: absolute; left: 93%; top: 24%; width: 5%; height: 4%; z-index: 2;\"><\/a>\n<a class=\"popmake-3146\" title=\"Vieux casier ensabl\u00e9\" style=\"position: absolute; left: 64.2%; top: 35.82%; width: 10%; height: 4.28%; z-index: 2;\"><\/a>\n<a class=\"popmake-3103\" title=\"Lucarne situ\u00e9e au bout d'une petite faille de 2m permettant de rejoindre la faille\" style=\"position: absolute; left: 25.6%; top: 32.27%; width: 10%; height: 4.16%; z-index: 2;\"><\/a>\n<a class=\"popmake-3107\" title=\"Image du bloc de granit et des an\u00e9mones\" style=\"position: absolute; left: 42.4%; top: 22.98%; width: 10%; height: 4.28%; z-index: 2;\"><\/a>\n<a class=\"popmake-3107\" title=\"Image du bloc de granit et des an\u00e9mones\" style=\"position: absolute; left: 55%; top: 24%; width: 5%; height: 4%; z-index: 2;\"><\/a>\n<a class=\"popmake-3150\" title=\"Reste de vieux panier ou casier ensabl\u00e9s\" style=\"position: absolute; left: 67.6%; top: 24.94%; width: 7%; height: 5.75%; z-index: 2;\"><\/a>\n<a class=\"popmake-3138\" title=\"Sir\u00e8ne d'alerte de mise \u00e0 l'eau SNSM\" style=\"position: absolute; left: 27.2%; top: 90.71%; width: 7.4%; height: 5.75%; z-index: 2;\"><\/a>\n<a class=\"popmake-3099\" title=\"Paquets de vieilles chaines situ\u00e9s au milieu de l'anse\" style=\"position: absolute; left: 45.8%; top: 67.97%; width: 9.4%; height: 4.16%; z-index: 2;\"><\/a>\n<a class=\"popmake-3142\" title=\"Bloc de b\u00e9ton, ancien mouillage\" style=\"position: absolute; left: 27.2%; top: 76.89%; width: 9.8%; height: 4.4%; z-index: 2;\"><\/a>\n<a class=\"popmake-3094\" title=\"Extr\u00e9mit\u00e9 de la cale vue du c\u00f4t\u00e9 gauche\" style=\"position: absolute; left: 25%; top: 83.37%; width: 9.8%; height: 4.4%; z-index: 2;\"><\/a>\n<a class=\"popmake-3061\" title=\"Paysage de go\u00e9mon \u00e0 l'est de la cale\" style=\"position: absolute; left: 57.8%; top: 92.3%; width: 9.8%; height: 4.4%; z-index: 2;\"><\/a>\n<a class=\"popmake-3055\" title=\"Rails du chariot du bateau de sauvetage\" style=\"position: absolute; left: 40.6%; top: 95.35%; width: 10%; height: 4.4%; z-index: 2;\"><\/a>\n<a class=\"popmake-3055\" title=\"Rails du chariot du bateau de sauvetage\" style=\"position: absolute; left: 45.2%; top: 88.88%; width: 7%; height: 5.75%; z-index: 2;\"><\/a>\n<a title=\"Profondeur : 3m-8m\" style=\"position: absolute; left: 36%; top: 81.17%; width: 8.8%; height: 3.4%; z-index: 2;\"><\/a>\n<a title=\"Profondeur : 7m-12m\" style=\"position: absolute; left: 40%; top: 61.61%; width: 7.8%; height: 6.6%; z-index: 2;\"><\/a>\n<a title=\"Profondeur : 17m-21m\" style=\"position: absolute; left: 52.6%; top: 22.2%; width: 16.2%; height: 2.93%; z-index: 2;\"><\/a>\n<a title=\"Profondeur : 21m-27m\" style=\"position: absolute; left: 86%; top: 25.3%; width: 8.2%; height: 2.56%; z-index: 2;\"><\/a>\n<\/div>\n\n\n\n<div class=\"wp-block-columns is-layout-flex wp-container-core-columns-is-layout-2 wp-block-columns-is-layout-flex\">\n<div class=\"wp-block-column is-vertically-aligned-center is-layout-flow wp-block-column-is-layout-flow\">\n<p><a href=\"https:\/\/gissacg.fr\/index.php\/plonger-a-ploumanach-la-securite-le-site\/\">\u00ab Plonger \u00e0 Ploum : La s\u00e9curit\u00e9<\/a><\/p>\n<p><a href=\"https:\/\/gissacg.fr\/index.php\/plonger-a-ploumanach-la-securite-le-site\/\" rel=\"noopener\"><img loading=\"lazy\" decoding=\"async\" class=\"alignleft wp-image-2742 size-thumbnail\" src=\"https:\/\/gissacg.fr\/wp-content\/uploads\/2023\/03\/ploumAvecNotation-150x150.png\" alt=\"\" width=\"150\" height=\"150\" \/><\/a><\/p>\n<\/div>\n\n\n\n<div class=\"wp-block-column is-vertically-aligned-center is-layout-flow wp-block-column-is-layout-flow\"><\/div>\n\n\n\n<div class=\"wp-block-column is-vertically-aligned-center is-layout-flow wp-block-column-is-layout-flow\">\n<p style=\"text-align: right;\"><a href=\"https:\/\/gissacg.fr\/index.php\/plonger-a-ploumanach-la-securite-le-site\/plonger-a-ploumanach-schema-du-skewell\/\">Sch\u00e9ma du Skewell \u00bb<\/a><\/p>\n<p><a href=\"https:\/\/gissacg.fr\/index.php\/plonger-a-ploumanach-la-securite-le-site\/plonger-a-ploumanach-schema-du-skewell\/\"><img loading=\"lazy\" decoding=\"async\" class=\"alignright wp-image-2751 size-thumbnail\" src=\"https:\/\/gissacg.fr\/wp-content\/uploads\/2023\/03\/cale_skewel_ign-150x150.jpg\" alt=\"\" width=\"150\" height=\"150\" \/><\/a><\/p>\n<\/div>\n<\/div>\n\n\n\n<h3 class=\"wp-block-heading\" id=\"un-peu-dhistoire-89f3c6a5-9e64-424f-b358-f3635f20c776\">R\u00e9f\u00e9rences<\/h3>\n\n\n\n<p><strong>Texte et composition de la page : <\/strong>Roger Poitevin (Septembre 2012) <br><strong>Cartographie : <a href=\"http:\/\/www.shom.fr\/\" target=\"_blank\" rel=\"noopener\">SHOM<\/a><\/strong><br><strong>Photos<\/strong> : GISSaCG\/R. Poitevin &#8211; GISSaCG\/H. Jacq<br><strong>Vues a\u00e9riennes<\/strong> : courtoisie <a href=\"http:\/\/www.ign.fr\" target=\"_blank\" rel=\"noopener\">IGN<\/a><\/p>\n\n\n\n<p><span style=\"color: #0033cc; font-size: xx-small;\">(MAJ Mars 2023 &#8211; Webmestre GISSaCG &#8211; JCP)<\/span><\/p>\n","protected":false},"excerpt":{"rendered":"<p>\u00ab Plonger \u00e0 Ploum : La s\u00e9curit\u00e9 Sch\u00e9ma du Skewell \u00bb Attention, ce document n&rsquo;est ni une carte ni un plan. Les informations sont donn\u00e9es \u00e0 titre purement indicatif et subjectif, il s&rsquo;agit d&rsquo;un aide-m\u00e9moire recensant des points de rep\u00e8re remarquables destin\u00e9s \u00e0 vous aider dans la planification de vos&#8230;<\/p>\n<p class=\"continue-reading-button\"> <a class=\"continue-reading-link\" href=\"https:\/\/gissacg.fr\/index.php\/plonger-a-ploumanach-la-securite-le-site\/plonger-a-ploumanach-schema-de-la-cale-pors-kamor\/\">Lire la suite<i class=\"crycon-right-dir\"><\/i><\/a><\/p>\n","protected":false},"author":1,"featured_media":0,"parent":2657,"menu_order":0,"comment_status":"closed","ping_status":"closed","template":"","meta":{"wpm_timeformat":"","_wpm_styles":"","advgb_blocks_editor_width":"","advgb_blocks_columns_visual_guide":"","footnotes":""},"class_list":["post-3158","page","type-page","status-publish","hentry"],"coauthors":[],"author_meta":{"author_link":"https:\/\/gissacg.fr\/index.php\/author\/admin\/","display_name":"Webmaster GISSaCG"},"relative_dates":{"created":"Publi\u00e9 3 ans il y a","modified":"Mis \u00e0 jour 3 ans il y a"},"absolute_dates":{"created":"Publi\u00e9 le 21 avril 2023","modified":"Mise \u00e0 jour le 28 avril 2023"},"absolute_dates_time":{"created":"Publi\u00e9 le 21 avril 2023 13 h 58 min","modified":"Mise \u00e0 jour le 28 avril 2023 15 h 42 min"},"featured_img_caption":"","featured_img":false,"series_order":"","_links":{"self":[{"href":"https:\/\/gissacg.fr\/index.php\/wp-json\/wp\/v2\/pages\/3158","targetHints":{"allow":["GET"]}}],"collection":[{"href":"https:\/\/gissacg.fr\/index.php\/wp-json\/wp\/v2\/pages"}],"about":[{"href":"https:\/\/gissacg.fr\/index.php\/wp-json\/wp\/v2\/types\/page"}],"author":[{"embeddable":true,"href":"https:\/\/gissacg.fr\/index.php\/wp-json\/wp\/v2\/users\/1"}],"replies":[{"embeddable":true,"href":"https:\/\/gissacg.fr\/index.php\/wp-json\/wp\/v2\/comments?post=3158"}],"version-history":[{"count":16,"href":"https:\/\/gissacg.fr\/index.php\/wp-json\/wp\/v2\/pages\/3158\/revisions"}],"predecessor-version":[{"id":3213,"href":"https:\/\/gissacg.fr\/index.php\/wp-json\/wp\/v2\/pages\/3158\/revisions\/3213"}],"up":[{"embeddable":true,"href":"https:\/\/gissacg.fr\/index.php\/wp-json\/wp\/v2\/pages\/2657"}],"wp:attachment":[{"href":"https:\/\/gissacg.fr\/index.php\/wp-json\/wp\/v2\/media?parent=3158"}],"curies":[{"name":"wp","href":"https:\/\/api.w.org\/{rel}","templated":true}]}}