{"id":2862,"date":"2024-03-17T20:56:28","date_gmt":"2024-03-17T19:56:28","guid":{"rendered":"https:\/\/gissacg.fr\/?page_id=2862"},"modified":"2024-12-12T19:30:22","modified_gmt":"2024-12-12T18:30:22","slug":"commission-photo","status":"publish","type":"page","link":"https:\/\/gissacg.fr\/index.php\/commission-photo\/","title":{"rendered":"Commission Photo"},"content":{"rendered":"\n\n\n<div class=\"wp-block-columns is-layout-flex wp-container-core-columns-is-layout-1 wp-block-columns-is-layout-flex\">\n<div class=\"wp-block-column is-layout-flow wp-block-column-is-layout-flow\" style=\"flex-basis:40%\"><\/div>\n\n\n\n<div class=\"wp-block-column is-layout-flow wp-block-column-is-layout-flow\" style=\"flex-basis:65%\">\n<div class=\"wp-block-wpm-person is-block-layout-img-right\"><div class=\"wpm-person-img-wrapper image-layout-circle\"><div class=\"wrapper-inner\"><div class=\"wrapper-inner-2\"><img loading=\"lazy\" decoding=\"async\" width=\"2048\" height=\"1366\" class=\"wpm-person-img wp-image-3648 has-border-radius-10\" src=\"https:\/\/gissacg.fr\/wp-content\/uploads\/2023\/12\/ComPhotoYann.jpg\" alt=\"\" srcset=\"https:\/\/gissacg.fr\/wp-content\/uploads\/2023\/12\/ComPhotoYann.jpg 2048w, https:\/\/gissacg.fr\/wp-content\/uploads\/2023\/12\/ComPhotoYann-300x200.jpg 300w, https:\/\/gissacg.fr\/wp-content\/uploads\/2023\/12\/ComPhotoYann-1024x683.jpg 1024w, https:\/\/gissacg.fr\/wp-content\/uploads\/2023\/12\/ComPhotoYann-768x512.jpg 768w, https:\/\/gissacg.fr\/wp-content\/uploads\/2023\/12\/ComPhotoYann-1536x1025.jpg 1536w, https:\/\/gissacg.fr\/wp-content\/uploads\/2023\/12\/ComPhotoYann-150x100.jpg 150w\" sizes=\"auto, (max-width: 2048px) 100vw, 2048px\" \/><\/div><\/div><\/div><div class=\"wpm-person-contents\"><div class=\"entry-content textalignright\"><h4>Yann<\/h4><p>commission.photo@gissacg.fr<\/p><\/div><\/div><\/div>\n<\/div>\n<\/div>\n\n\n\n<p><span style=\"font-weight: 400;\">La commission Photo du GISSACG propose \u00e0 ses adh\u00e9rents des formations du niveau 1 photo \u00e0 formateur, des animations, des soir\u00e9es \u00e0 th\u00e8mes mensuelles, des sorties plong\u00e9e \u00e0 domicile et ailleurs\u2026<\/span><\/p>\n\n\n\n<p><span style=\"font-weight: 400;\">L\u2019\u00e9quipe animatrice se compose de formateurs photo, cadres techniques, DP, guides de palanqu\u00e9es, ce qui lui donne toute autonomie \u00e0 s\u2019organiser :\u00a0<\/span><\/p>\n<ul>\n<li>Yann (FP2),<\/li>\n<li>H\u00e9l\u00e8ne, Olivier, Jean-Luc (FP1),<\/li>\n<li>Michel (P5)<\/li>\n<\/ul>\n\n\n\n<figure class=\"wp-block-image size-large\"><img loading=\"lazy\" decoding=\"async\" width=\"1024\" height=\"576\" src=\"https:\/\/gissacg.fr\/wp-content\/uploads\/2023\/12\/Cale-1024x576.jpg\" alt=\"\" class=\"wp-image-3650\" srcset=\"https:\/\/gissacg.fr\/wp-content\/uploads\/2023\/12\/Cale-1024x576.jpg 1024w, https:\/\/gissacg.fr\/wp-content\/uploads\/2023\/12\/Cale-300x169.jpg 300w, https:\/\/gissacg.fr\/wp-content\/uploads\/2023\/12\/Cale-768x432.jpg 768w, https:\/\/gissacg.fr\/wp-content\/uploads\/2023\/12\/Cale-1536x864.jpg 1536w, https:\/\/gissacg.fr\/wp-content\/uploads\/2023\/12\/Cale-2048x1152.jpg 2048w, https:\/\/gissacg.fr\/wp-content\/uploads\/2023\/12\/Cale-150x84.jpg 150w\" sizes=\"auto, (max-width: 1024px) 100vw, 1024px\" \/><\/figure>\n\n\n\n<p>\u00a0<\/p>\n<p><span style=\"font-weight: 400;\">Sous la houlette d\u2019H\u00e9l\u00e8ne et Olivier, piliers historiques de la commission, l\u2019activit\u00e9 a \u00e9largi son p\u00e9rim\u00e8tre, depuis quelques ann\u00e9es, en cr\u00e9ant la commission \u201cinterclub 22 Bio\/Photo\u201d avec des membres d\u2019autres clubs amis voisins.\u00a0<\/span><\/p>\n\n\n\n<div class=\"wp-block-group\"><div class=\"wp-block-group__inner-container is-layout-constrained wp-block-group-is-layout-constrained\">\n<div class=\"wp-block-columns is-layout-flex wp-container-core-columns-is-layout-2 wp-block-columns-is-layout-flex\">\n<div class=\"wp-block-column is-layout-flow wp-block-column-is-layout-flow\" style=\"flex-basis:100%\">\n<figure class=\"wp-block-gallery has-nested-images columns-default is-cropped wp-block-gallery-1 is-layout-flex wp-block-gallery-is-layout-flex\">\n<figure class=\"wp-block-image size-large\"><img loading=\"lazy\" decoding=\"async\" width=\"1024\" height=\"683\" src=\"https:\/\/gissacg.fr\/wp-content\/uploads\/2023\/03\/2023_02_06__MG_0917_-1024x683.jpg\" alt=\"\" class=\"wp-image-2868\" srcset=\"https:\/\/gissacg.fr\/wp-content\/uploads\/2023\/03\/2023_02_06__MG_0917_-1024x683.jpg 1024w, https:\/\/gissacg.fr\/wp-content\/uploads\/2023\/03\/2023_02_06__MG_0917_-300x200.jpg 300w, https:\/\/gissacg.fr\/wp-content\/uploads\/2023\/03\/2023_02_06__MG_0917_-768x512.jpg 768w, https:\/\/gissacg.fr\/wp-content\/uploads\/2023\/03\/2023_02_06__MG_0917_-1536x1024.jpg 1536w, https:\/\/gissacg.fr\/wp-content\/uploads\/2023\/03\/2023_02_06__MG_0917_-150x100.jpg 150w, https:\/\/gissacg.fr\/wp-content\/uploads\/2023\/03\/2023_02_06__MG_0917_.jpg 1620w\" sizes=\"auto, (max-width: 1024px) 100vw, 1024px\" \/><\/figure>\n\n\n\n<figure class=\"wp-block-image size-large\"><img loading=\"lazy\" decoding=\"async\" width=\"1024\" height=\"683\" src=\"https:\/\/gissacg.fr\/wp-content\/uploads\/2023\/03\/2023_02_06__MG_0924_-1024x683.jpg\" alt=\"\" class=\"wp-image-2870\" srcset=\"https:\/\/gissacg.fr\/wp-content\/uploads\/2023\/03\/2023_02_06__MG_0924_-1024x683.jpg 1024w, https:\/\/gissacg.fr\/wp-content\/uploads\/2023\/03\/2023_02_06__MG_0924_-300x200.jpg 300w, https:\/\/gissacg.fr\/wp-content\/uploads\/2023\/03\/2023_02_06__MG_0924_-768x512.jpg 768w, https:\/\/gissacg.fr\/wp-content\/uploads\/2023\/03\/2023_02_06__MG_0924_-1536x1024.jpg 1536w, https:\/\/gissacg.fr\/wp-content\/uploads\/2023\/03\/2023_02_06__MG_0924_-150x100.jpg 150w, https:\/\/gissacg.fr\/wp-content\/uploads\/2023\/03\/2023_02_06__MG_0924_.jpg 1620w\" sizes=\"auto, (max-width: 1024px) 100vw, 1024px\" \/><\/figure>\n<\/figure>\n<\/div>\n<\/div>\n<\/div><\/div>\n\n\n\n<p>Quelques infos pratiques :\u00a0<\/p>\n\n\n\n<figure class=\"wp-block-gallery has-nested-images columns-default is-cropped wp-block-gallery-2 is-layout-flex wp-block-gallery-is-layout-flex\">\n<figure class=\"wp-block-image size-large\"><img loading=\"lazy\" decoding=\"async\" width=\"1024\" height=\"767\" data-id=\"2872\" src=\"https:\/\/gissacg.fr\/wp-content\/uploads\/2023\/03\/CursusPhoto-1024x767.jpg\" alt=\"\" class=\"wp-image-2872\" srcset=\"https:\/\/gissacg.fr\/wp-content\/uploads\/2023\/03\/CursusPhoto-1024x767.jpg 1024w, https:\/\/gissacg.fr\/wp-content\/uploads\/2023\/03\/CursusPhoto-300x225.jpg 300w, https:\/\/gissacg.fr\/wp-content\/uploads\/2023\/03\/CursusPhoto-768x575.jpg 768w, https:\/\/gissacg.fr\/wp-content\/uploads\/2023\/03\/CursusPhoto-150x112.jpg 150w, https:\/\/gissacg.fr\/wp-content\/uploads\/2023\/03\/CursusPhoto.jpg 1083w\" sizes=\"auto, (max-width: 1024px) 100vw, 1024px\" \/><\/figure>\n<\/figure>\n","protected":false},"excerpt":{"rendered":"<p>La commission Photo du GISSACG propose \u00e0 ses adh\u00e9rents des formations du niveau 1 photo \u00e0 formateur, des animations, des soir\u00e9es \u00e0 th\u00e8mes mensuelles, des sorties plong\u00e9e \u00e0 domicile et ailleurs\u2026 L\u2019\u00e9quipe animatrice se compose de formateurs photo, cadres techniques, DP, guides de palanqu\u00e9es, ce qui lui donne toute autonomie&#8230;<\/p>\n<p class=\"continue-reading-button\"> <a class=\"continue-reading-link\" href=\"https:\/\/gissacg.fr\/index.php\/commission-photo\/\">Lire la suite<i class=\"crycon-right-dir\"><\/i><\/a><\/p>\n","protected":false},"author":13,"featured_media":0,"parent":0,"menu_order":0,"comment_status":"closed","ping_status":"closed","template":"","meta":{"wpm_timeformat":"","_wpm_styles":"","advgb_blocks_editor_width":"","advgb_blocks_columns_visual_guide":"","footnotes":""},"class_list":["post-2862","page","type-page","status-publish","hentry"],"coauthors":[],"author_meta":{"author_link":"https:\/\/gissacg.fr\/index.php\/author\/hlq\/","display_name":"H\u00e9l\u00e8ne Le Queau"},"relative_dates":{"created":"Publi\u00e9 2 ans il y a","modified":"Mis \u00e0 jour 1 an il y a"},"absolute_dates":{"created":"Publi\u00e9 le 17 mars 2024","modified":"Mise \u00e0 jour le 12 d\u00e9cembre 2024"},"absolute_dates_time":{"created":"Publi\u00e9 le 17 mars 2024 20 h 56 min","modified":"Mise \u00e0 jour le 12 d\u00e9cembre 2024 19 h 30 min"},"featured_img_caption":"","featured_img":false,"series_order":"","_links":{"self":[{"href":"https:\/\/gissacg.fr\/index.php\/wp-json\/wp\/v2\/pages\/2862","targetHints":{"allow":["GET"]}}],"collection":[{"href":"https:\/\/gissacg.fr\/index.php\/wp-json\/wp\/v2\/pages"}],"about":[{"href":"https:\/\/gissacg.fr\/index.php\/wp-json\/wp\/v2\/types\/page"}],"author":[{"embeddable":true,"href":"https:\/\/gissacg.fr\/index.php\/wp-json\/wp\/v2\/users\/13"}],"replies":[{"embeddable":true,"href":"https:\/\/gissacg.fr\/index.php\/wp-json\/wp\/v2\/comments?post=2862"}],"version-history":[{"count":26,"href":"https:\/\/gissacg.fr\/index.php\/wp-json\/wp\/v2\/pages\/2862\/revisions"}],"predecessor-version":[{"id":4734,"href":"https:\/\/gissacg.fr\/index.php\/wp-json\/wp\/v2\/pages\/2862\/revisions\/4734"}],"wp:attachment":[{"href":"https:\/\/gissacg.fr\/index.php\/wp-json\/wp\/v2\/media?parent=2862"}],"curies":[{"name":"wp","href":"https:\/\/api.w.org\/{rel}","templated":true}]}}