{"id":2701,"date":"2023-03-22T11:00:14","date_gmt":"2023-03-22T10:00:14","guid":{"rendered":"https:\/\/gissacg.fr\/?page_id=2701"},"modified":"2026-01-02T17:46:46","modified_gmt":"2026-01-02T16:46:46","slug":"organisation-du-club","status":"publish","type":"page","link":"https:\/\/gissacg.fr\/index.php\/organisation-du-club\/","title":{"rendered":"Organisation du club"},"content":{"rendered":"<div id=\"ez-toc-container\" class=\"ez-toc-v2_0_80 ez-toc-wrap-right counter-hierarchy ez-toc-counter ez-toc-grey ez-toc-container-direction\">\n<div class=\"ez-toc-title-container\">\n<p class=\"ez-toc-title\" style=\"cursor:inherit\">Table of Contents<\/p>\n<span class=\"ez-toc-title-toggle\"><\/span><\/div>\n<nav><ul class='ez-toc-list ez-toc-list-level-1 ' ><li class='ez-toc-page-1 ez-toc-heading-level-2'><a class=\"ez-toc-link ez-toc-heading-1\" href=\"https:\/\/gissacg.fr\/index.php\/organisation-du-club\/#La_carte_didentite_du_club\" >La carte d&rsquo;identit\u00e9 du club<\/a><\/li><li class='ez-toc-page-1 ez-toc-heading-level-2'><a class=\"ez-toc-link ez-toc-heading-2\" href=\"https:\/\/gissacg.fr\/index.php\/organisation-du-club\/#La_composition_du_Bureau\" >La composition du Bureau<\/a><\/li><li class='ez-toc-page-1 ez-toc-heading-level-2'><a class=\"ez-toc-link ez-toc-heading-3\" href=\"https:\/\/gissacg.fr\/index.php\/organisation-du-club\/#La_composition_du_Conseil_dAdministration\" >La composition du Conseil d&rsquo;Administration<\/a><\/li><li class='ez-toc-page-1 ez-toc-heading-level-2'><a class=\"ez-toc-link ez-toc-heading-4\" href=\"https:\/\/gissacg.fr\/index.php\/organisation-du-club\/#Les_Commissions\" >Les Commissions<\/a><\/li><\/ul><\/nav><\/div>\n\n\n\n<h2><span class=\"ez-toc-section\" id=\"La_carte_didentite_du_club\"><\/span><strong>La carte d&rsquo;identit\u00e9 du club <\/strong><span class=\"ez-toc-section-end\"><\/span><\/h2>\n<table style=\"height: 95px; width: 100%; border-collapse: collapse;\">\n<tbody>\n<tr style=\"height: 26px;\">\n<td style=\"width: 39.0476%; height: 26px;\"><strong>N<sup>o<\/sup> d&rsquo;agr\u00e9ment Jeunesse et Sport<\/strong><\/td>\n<td style=\"width: 60.9524%; height: 26px;\">22S329<\/td>\n<\/tr>\n<tr style=\"height: 23px;\">\n<td style=\"width: 39.0476%; height: 23px;\"><strong>Club F.F.E.S.S.M.\u00a0<\/strong><\/td>\n<td style=\"width: 60.9524%; height: 23px;\">03 22 025<\/td>\n<\/tr>\n<tr style=\"height: 23px;\">\n<td style=\"width: 39.0476%; height: 23px;\"><strong>Si\u00e8ge<\/strong><\/td>\n<td style=\"width: 60.9524%; height: 23px;\">Mairie, 22700 Perros-Guirec<\/td>\n<\/tr>\n<tr style=\"height: 23px;\">\n<td style=\"width: 39.0476%; height: 23px;\"><strong>Statut<\/strong><\/td>\n<td style=\"width: 60.9524%; height: 23px;\">Association loi 1901<\/td>\n<\/tr>\n<\/tbody>\n<\/table>\n<h2><span class=\"ez-toc-section\" id=\"La_composition_du_Bureau\"><\/span><strong>La composition du Bureau<\/strong><span class=\"ez-toc-section-end\"><\/span><\/h2>\n<table style=\"border-collapse: collapse; width: 100%; height: 114px;\">\n<tbody>\n<tr style=\"height: 23px;\">\n<td style=\"width: 26.1905%; height: 23px;\"><strong>Pr\u00e9sident<\/strong><\/td>\n<td style=\"width: 73.8095%; height: 23px;\">Jean-Christophe PETTIER<\/td>\n<\/tr>\n<tr style=\"height: 23px;\">\n<td style=\"width: 26.1905%; height: 23px;\"><strong>Tr\u00e9sorier<\/strong><\/td>\n<td style=\"width: 73.8095%; height: 23px;\">Olivier LOSQ<\/td>\n<\/tr>\n<tr style=\"height: 22px;\">\n<td style=\"width: 26.1905%; height: 22px;\"><strong>Secr\u00e9taire<\/strong><\/td>\n<td style=\"width: 73.8095%; height: 22px;\">Isabelle PETTIER<\/td>\n<\/tr>\n<tr style=\"height: 23px;\">\n<td style=\"width: 26.1905%; height: 23px;\"><strong>Vice-pr\u00e9sident<\/strong><\/td>\n<td style=\"width: 73.8095%; height: 23px;\">Michel LE CLEC&rsquo;H<\/td>\n<\/tr>\n<tr>\n<td style=\"width: 26.1905%;\"><strong>Secr\u00e9taire-adjointe<\/strong><\/td>\n<td style=\"width: 73.8095%;\">Jean-Luc HALPER<\/td>\n<\/tr>\n<tr style=\"height: 23px;\">\n<td style=\"width: 26.1905%; height: 23px;\"><strong>Tr\u00e9sorier-adjoint<\/strong><\/td>\n<td style=\"width: 73.8095%; height: 23px;\">\u00a0<\/td>\n<\/tr>\n<\/tbody>\n<\/table>\n<h2><span class=\"ez-toc-section\" id=\"La_composition_du_Conseil_dAdministration\"><\/span><strong>La composition du Conseil d&rsquo;Administration<\/strong><span class=\"ez-toc-section-end\"><\/span><\/h2>\n<table style=\"border-collapse: collapse; width: 100%; height: 350px;\">\n<tbody>\n<tr style=\"height: 28px;\">\n<td style=\"width: 33.6905%; height: 28px;\">Thierry OUVRARD<\/td>\n<td style=\"width: 66.3095%; height: 28px;\">contributeur Bateau et Technique<strong><br \/><\/strong><\/td>\n<\/tr>\n<tr style=\"height: 23px;\">\n<td style=\"width: 33.6905%; height: 23px;\">Gilles GOURVES<\/td>\n<td style=\"width: 66.3095%; height: 23px;\"><strong>responsable<\/strong> <strong>Animation<\/strong><\/td>\n<\/tr>\n<tr style=\"height: 23px;\">\n<td style=\"width: 33.6905%; height: 23px;\">Andrzej KRZEMIEN<\/td>\n<td style=\"width: 66.3095%; height: 23px;\">contributeur Bateau et Technique<\/td>\n<\/tr>\n<tr style=\"height: 23px;\">\n<td style=\"width: 33.6905%; height: 23px;\">Pascal LAUDREN<\/td>\n<td style=\"width: 66.3095%; height: 23px;\"><strong>r\u00e9f\u00e9rent TIV<\/strong><\/td>\n<\/tr>\n<tr style=\"height: 23px;\">\n<td style=\"width: 33.6905%; height: 23px;\">Franck LEROY<\/td>\n<td style=\"width: 66.3095%; height: 23px;\"><strong>responsable NAP<\/strong><strong><br \/><\/strong><\/td>\n<\/tr>\n<tr style=\"height: 23px;\">\n<td style=\"width: 33.6905%; height: 23px;\">Olivier LOSQ<\/td>\n<td style=\"width: 66.3095%; height: 23px;\"><strong>tr\u00e9sorier<\/strong><\/td>\n<\/tr>\n<tr style=\"height: 23px;\">\n<td style=\"width: 33.6905%; height: 23px;\">Michel LE CLEC&rsquo;H<\/td>\n<td style=\"width: 66.3095%; height: 23px;\"><strong>vice-pr\u00e9sident<\/strong><\/td>\n<\/tr>\n<tr style=\"height: 23px;\">\n<td style=\"width: 33.6905%; height: 23px;\">Jean-Luc HALPER<\/td>\n<td style=\"width: 66.3095%; height: 23px;\"><strong>secr\u00e9taire adjoint, <\/strong>contributeur Compresseur et Technique et Photo<strong><br \/><\/strong><\/td>\n<\/tr>\n<tr style=\"height: 23px;\">\n<td style=\"width: 33.6905%; height: 23px;\">Isabelle PETTIER<\/td>\n<td style=\"width: 66.3095%; height: 23px;\"><strong>secr\u00e9taire, responsable Communication<\/strong><\/td>\n<\/tr>\n<tr style=\"height: 23px;\">\n<td style=\"width: 33.6905%; height: 23px;\">Jean-Christophe PETTIER<\/td>\n<td style=\"width: 66.3095%; height: 23px;\"><strong>pr\u00e9sident<\/strong>, contributeur commission Technique<\/td>\n<\/tr>\n<tr style=\"height: 23px;\">\n<td style=\"width: 33.6905%; height: 23px;\">Yann QUERREC<\/td>\n<td style=\"width: 66.3095%; height: 23px;\"><strong>responsable Photo-Vid\u00e9o<\/strong><\/td>\n<\/tr>\n<tr style=\"height: 23px;\">\n<td style=\"width: 33.6905%; height: 23px;\">Fabien SICARD<\/td>\n<td style=\"width: 66.3095%; height: 23px;\">\u00a0<\/td>\n<\/tr>\n<tr style=\"height: 23px;\">\n<td style=\"width: 33.6905%; height: 23px;\">Thierry TALLAGRAND<\/td>\n<td style=\"width: 66.3095%; height: 23px;\"><strong> responsable Bateau<\/strong>, <strong>vice-pr\u00e9sident, <\/strong>contributeur Nage Avec Palmes<strong><br \/><\/strong><\/td>\n<\/tr>\n<tr style=\"height: 23px;\">\n<td style=\"width: 33.6905%; height: 23px;\">Tifenn LEFEVRE<\/td>\n<td style=\"width: 66.3095%; height: 23px;\">\u00a0<\/td>\n<\/tr>\n<tr style=\"height: 23px;\">\n<td style=\"width: 33.6905%; height: 23px;\">Bernard SEVEUR\u00a0<\/td>\n<td style=\"width: 66.3095%; height: 23px;\"><strong>responsable Compresseurs<\/strong><\/td>\n<\/tr>\n<\/tbody>\n<\/table>\n<h2><span class=\"ez-toc-section\" id=\"Les_Commissions\"><\/span><strong>Les Commissions<\/strong><span class=\"ez-toc-section-end\"><\/span><\/h2>\n\n\n\n<div class=\"wp-block-media-text alignwide is-stacked-on-mobile\" style=\"grid-template-columns:43% auto\"><figure class=\"wp-block-media-text__media\"><img decoding=\"async\" src=\"https:\/\/gissacg.fr\/wp-content\/uploads\/2023\/01\/bapteme-sept22-face-a-face.png\" alt=\"\" class=\"wp-image-2573 size-full\"\/><\/figure><div class=\"wp-block-media-text__content\">\n<h3 class=\"wp-block-heading\">Commission Technique<\/h3>\n\n\n\n<h4 class=\"wp-block-heading has-text-align-left\">Responsable : Thierry OUVRARD (pi)<\/h4>\n\n\n\n<p>Elle est compos\u00e9e par les enseignants en activit\u00e9 pouvant encadrer qui sont au nombre de 5 initiateurs (3 E1 et 2 E2), de 7 moniteurs (6 MF1\/E3 et 1 X MF2\/E4). Les guides de palanqu\u00e9es GP (N4\/P4) et directeurs de plong\u00e9es DPE (N5\/P5) sont aussi invit\u00e9s \u00e0 participer \u00e0 cette commission.<br>Elle organise les formations : bapt\u00eames, niveaux 1,2,3 de plong\u00e9e tant en th\u00e9orie qu&rsquo;en pratique et celles d&rsquo;initiateur, plongeurs nitrox. Elle met en place ponctuellement des \u00ab\u00a0s\u00e9ances formation\u201c et\/ou des \u201djourn\u00e9es recyclage\u00a0\u00bb pour ces membres.<br>Elle est l&rsquo;interlocutrice privil\u00e9gi\u00e9e des instances techniques f\u00e9d\u00e9rales (CTD22 du CODEP 22, CTR du CIBPL&#8230;).<\/p>\n<\/div><\/div>\n\n\n\n<div class=\"wp-block-media-text alignwide has-media-on-the-right is-stacked-on-mobile\" style=\"grid-template-columns:auto 43%\"><div class=\"wp-block-media-text__content\">\n<h3 class=\"wp-block-heading\">Commission Mat\u00e9riel<\/h3>\n\n\n\n<h4 class=\"wp-block-heading\">Responsable : Pascal LAUDREN pi (r\u00e9f\u00e9rent TIV)<\/h4>\n\n\n\n<p>Elle g\u00e8re  le parc de mat\u00e9riel du club (gilets stabilisateurs, d\u00e9tendeurs, blocs) et suit l&rsquo;entretien et les pr\u00eats. Elle assure le suivi des inspections visuelles des blocs du club et de ceux des adh\u00e9rents&#8230; <em>(\u00e7a se d\u00e9crit sur une ligne mais \u00e7a repr\u00e9sente un travail de for\u00e7at&#8230;)<\/em><\/p>\n<\/div><figure class=\"wp-block-media-text__media\"><img loading=\"lazy\" decoding=\"async\" width=\"1024\" height=\"578\" src=\"https:\/\/gissacg.fr\/wp-content\/uploads\/2023\/03\/materiel-bloc-detendeur-DSC_5810-resized-1024x578.jpg\" alt=\"\" class=\"wp-image-2700 size-full\" srcset=\"https:\/\/gissacg.fr\/wp-content\/uploads\/2023\/03\/materiel-bloc-detendeur-DSC_5810-resized-1024x578.jpg 1024w, https:\/\/gissacg.fr\/wp-content\/uploads\/2023\/03\/materiel-bloc-detendeur-DSC_5810-resized-300x169.jpg 300w, https:\/\/gissacg.fr\/wp-content\/uploads\/2023\/03\/materiel-bloc-detendeur-DSC_5810-resized-768x433.jpg 768w, https:\/\/gissacg.fr\/wp-content\/uploads\/2023\/03\/materiel-bloc-detendeur-DSC_5810-resized-1536x867.jpg 1536w, https:\/\/gissacg.fr\/wp-content\/uploads\/2023\/03\/materiel-bloc-detendeur-DSC_5810-resized-150x85.jpg 150w, https:\/\/gissacg.fr\/wp-content\/uploads\/2023\/03\/materiel-bloc-detendeur-DSC_5810-resized.jpg 1882w\" sizes=\"auto, (max-width: 1024px) 100vw, 1024px\" \/><\/figure><\/div>\n\n\n\n<div class=\"wp-block-media-text alignwide is-stacked-on-mobile\" style=\"grid-template-columns:45% auto\"><figure class=\"wp-block-media-text__media\"><img loading=\"lazy\" decoding=\"async\" width=\"1024\" height=\"768\" src=\"https:\/\/gissacg.fr\/wp-content\/uploads\/2023\/03\/tritonia-IMG_20221008_154723_resized_20230304_072730000-1024x768.jpg\" alt=\"\" class=\"wp-image-2690 size-full\" srcset=\"https:\/\/gissacg.fr\/wp-content\/uploads\/2023\/03\/tritonia-IMG_20221008_154723_resized_20230304_072730000-1024x768.jpg 1024w, https:\/\/gissacg.fr\/wp-content\/uploads\/2023\/03\/tritonia-IMG_20221008_154723_resized_20230304_072730000-300x225.jpg 300w, https:\/\/gissacg.fr\/wp-content\/uploads\/2023\/03\/tritonia-IMG_20221008_154723_resized_20230304_072730000-768x576.jpg 768w, https:\/\/gissacg.fr\/wp-content\/uploads\/2023\/03\/tritonia-IMG_20221008_154723_resized_20230304_072730000-150x113.jpg 150w, https:\/\/gissacg.fr\/wp-content\/uploads\/2023\/03\/tritonia-IMG_20221008_154723_resized_20230304_072730000.jpg 1040w\" sizes=\"auto, (max-width: 1024px) 100vw, 1024px\" \/><\/figure><div class=\"wp-block-media-text__content\">\n<h3 class=\"wp-block-heading\">Commission Bateau<\/h3>\n\n\n\n<h4 class=\"wp-block-heading\">Responsable : Thierry TALLAGRAND<\/h4>\n\n\n\n<p>Elle g\u00e8re le bateau du club tant au niveau utilisation qu&rsquo;au niveau entretien. C&rsquo;est un bateau alu de 6.99m, 115ch, d&rsquo;une capacit\u00e9 de 8 plongeurs (dont le pilote).<\/p>\n<\/div><\/div>\n\n\n\n<div class=\"wp-block-media-text alignwide has-media-on-the-right is-stacked-on-mobile\" style=\"grid-template-columns:auto 43%\"><div class=\"wp-block-media-text__content\">\n<h3 class=\"wp-block-heading\">Commission compresseurs<\/h3>\n\n\n\n<h4 class=\"wp-block-heading\">Responsable : Bernard SEVEUR<\/h4>\n\n\n\n<p>Elle assure le suivi de la station de gonflage du club, s&rsquo;assure de son bon \u00e9tat de fonctionnement, du suivi des filtres \u00e0 air et organise la formation des plongeurs \u00e0 son utilisation. Localisation pratique, notre <strong>station de gonflage<\/strong> <em>(3 compresseurs mont\u00e9s sur SILENT-Bloc pour limiter les vibrations) <\/em>est situ\u00e9e \u00e0 proximit\u00e9 de l\u2019embarquement bateau et des 3 sites de plong\u00e9e \u00e0 la c\u00f4te de Pors Kamor (la Cale, Go\u00e9lette, le Skewell). Acc\u00e8s libre \u00e0 partir du N3, apr\u00e8s formation au gonflage et engagement au suivi des r\u00e8gles de s\u00e9curit\u00e9 et d&rsquo;usage.<\/p>\n<\/div><figure class=\"wp-block-media-text__media\"><img loading=\"lazy\" decoding=\"async\" width=\"1024\" height=\"578\" src=\"https:\/\/gissacg.fr\/wp-content\/uploads\/2023\/03\/compresseur-DSC_5809-resized-1024x578.jpg\" alt=\"\" class=\"wp-image-2699 size-full\" srcset=\"https:\/\/gissacg.fr\/wp-content\/uploads\/2023\/03\/compresseur-DSC_5809-resized-1024x578.jpg 1024w, https:\/\/gissacg.fr\/wp-content\/uploads\/2023\/03\/compresseur-DSC_5809-resized-300x169.jpg 300w, https:\/\/gissacg.fr\/wp-content\/uploads\/2023\/03\/compresseur-DSC_5809-resized-768x433.jpg 768w, https:\/\/gissacg.fr\/wp-content\/uploads\/2023\/03\/compresseur-DSC_5809-resized-1536x867.jpg 1536w, https:\/\/gissacg.fr\/wp-content\/uploads\/2023\/03\/compresseur-DSC_5809-resized-150x85.jpg 150w, https:\/\/gissacg.fr\/wp-content\/uploads\/2023\/03\/compresseur-DSC_5809-resized.jpg 1882w\" sizes=\"auto, (max-width: 1024px) 100vw, 1024px\" \/><\/figure><\/div>\n\n\n\n<div class=\"wp-block-media-text alignwide is-stacked-on-mobile\" style=\"grid-template-columns:46% auto\"><figure class=\"wp-block-media-text__media\"><img loading=\"lazy\" decoding=\"async\" width=\"210\" height=\"150\" src=\"https:\/\/gissacg.fr\/wp-content\/uploads\/2023\/01\/gorgone-jluc.jpg\" alt=\"\" class=\"wp-image-2570 size-full\" srcset=\"https:\/\/gissacg.fr\/wp-content\/uploads\/2023\/01\/gorgone-jluc.jpg 210w, https:\/\/gissacg.fr\/wp-content\/uploads\/2023\/01\/gorgone-jluc-150x107.jpg 150w\" sizes=\"auto, (max-width: 210px) 100vw, 210px\" \/><\/figure><div class=\"wp-block-media-text__content\">\n<h3 class=\"wp-block-heading\">Commission Biologie<\/h3>\n\n\n\n<h4 class=\"wp-block-heading\">Responsable : H\u00e9l\u00e8ne LE QUEAU<\/h4>\n\n\n\n<p>La commission a \u00e9t\u00e9 mise en place en partant de l&rsquo;exp\u00e9rience existante de quelques personnes du club qui plongeaient pour faire de la bio et qui ont pens\u00e9 que d&rsquo;autres membres pouvaient \u00eatre int\u00e9ress\u00e9s. Elle fonctionne en interclubs du Tr\u00e9gor et organise des formations, soir\u00e9es de partage, sorties \u00e0 th\u00e8mes.<\/p>\n\n\n\n<p><em><a href=\"https:\/\/gissacg.fr\/index.php\/commission-bio\/\" data-type=\"page\" data-id=\"2875\">pour en savoir plus<\/a><\/em><\/p>\n<\/div><\/div>\n\n\n\n<div class=\"wp-block-media-text alignwide has-media-on-the-right is-stacked-on-mobile\" style=\"grid-template-columns:auto 45%\"><div class=\"wp-block-media-text__content\">\n<h3 class=\"wp-block-heading\">Commission Photo-vid\u00e9o<\/h3>\n\n\n\n<h4 class=\"wp-block-heading\">Responsable  : Yann QUERREC<\/h4>\n\n\n\n<p>Cette commission anime l&rsquo;activit\u00e9 photographie sous marine du club et organise conjointement avec le club Sub-Alcatel, Tr\u00e9gor Plong\u00e9e des sorties tout au long de la saison (avril \u00e0 octobre), des formations, soir\u00e9es th\u00e9matiques.<\/p>\n\n\n\n<p>Les sorties sont accessibles \u00e0 partir du niveau 2 ou PA-20.<\/p>\n\n\n\n<p><em><a href=\"https:\/\/gissacg.fr\/index.php\/commission-photo\/\" data-type=\"page\" data-id=\"2862\">pour en savoir plus<\/a><\/em><\/p>\n<\/div><figure class=\"wp-block-media-text__media\"><img loading=\"lazy\" decoding=\"async\" width=\"1024\" height=\"683\" src=\"https:\/\/gissacg.fr\/wp-content\/uploads\/2023\/01\/14102021-PA140005-1024x683.jpg\" alt=\"\" class=\"wp-image-2604 size-full\" srcset=\"https:\/\/gissacg.fr\/wp-content\/uploads\/2023\/01\/14102021-PA140005-1024x683.jpg 1024w, https:\/\/gissacg.fr\/wp-content\/uploads\/2023\/01\/14102021-PA140005-300x200.jpg 300w, https:\/\/gissacg.fr\/wp-content\/uploads\/2023\/01\/14102021-PA140005-768x512.jpg 768w, https:\/\/gissacg.fr\/wp-content\/uploads\/2023\/01\/14102021-PA140005-1536x1024.jpg 1536w, https:\/\/gissacg.fr\/wp-content\/uploads\/2023\/01\/14102021-PA140005-2048x1366.jpg 2048w, https:\/\/gissacg.fr\/wp-content\/uploads\/2023\/01\/14102021-PA140005-150x100.jpg 150w\" sizes=\"auto, (max-width: 1024px) 100vw, 1024px\" \/><\/figure><\/div>\n\n\n\n<div class=\"wp-block-media-text alignwide is-stacked-on-mobile\" style=\"grid-template-columns:25% auto\"><figure class=\"wp-block-media-text__media\"><img loading=\"lazy\" decoding=\"async\" width=\"375\" height=\"563\" src=\"https:\/\/gissacg.fr\/wp-content\/uploads\/2023\/03\/NAP-Ile-grande-IMG_3434_resized.png\" alt=\"\" class=\"wp-image-2736 size-full\" srcset=\"https:\/\/gissacg.fr\/wp-content\/uploads\/2023\/03\/NAP-Ile-grande-IMG_3434_resized.png 375w, https:\/\/gissacg.fr\/wp-content\/uploads\/2023\/03\/NAP-Ile-grande-IMG_3434_resized-200x300.png 200w, https:\/\/gissacg.fr\/wp-content\/uploads\/2023\/03\/NAP-Ile-grande-IMG_3434_resized-100x150.png 100w\" sizes=\"auto, (max-width: 375px) 100vw, 375px\" \/><\/figure><div class=\"wp-block-media-text__content\">\n<h3 class=\"wp-block-heading\">Commission Nage avec palmes en mer<\/h3>\n\n\n\n<h4 class=\"wp-block-heading\">Responsable : Franck LEROY<\/h4>\n\n\n\n<p>De fa\u00e7on hebdomadaire, la proposition est envoy\u00e9e dans notre groupe WhatsApp dans la semaine en fonction de la m\u00e9t\u00e9o. Le samedi matin, nous choisissons un site abrit\u00e9 du vent et du courant pour aller nager par groupe de niveaux. Nous avons nag\u00e9 \u00e0 Trebeurden (4 sites), \u00e0 l&rsquo;Ile grande (3 sites), Tr\u00e9gastel (2 sites), Perros-Guirec (Trestraou), Tr\u00e9l\u00e9vern (port l&rsquo;Epine).<\/p>\n<\/div><\/div>\n\n\n\n<div class=\"wp-block-media-text alignwide has-media-on-the-right is-stacked-on-mobile\" style=\"grid-template-columns:auto 45%\"><div class=\"wp-block-media-text__content\">\n<h3 class=\"wp-block-heading\">Commission animation<\/h3>\n\n\n\n<h4 class=\"wp-block-heading\">Responsable : Gilles GOURVES <\/h4>\n\n\n\n<p>Elle propose et organise les diff\u00e9rentes sorties de groupe en dehors de nos sites tr\u00e9gorrois (par exemple \u00e0 Lanildut, Carantec, Douarnenez, Ria d&rsquo;Etel &#8230;) sur un WE. Et plus loin et long si opportunit\u00e9.<br>Elle contribue aux moments de convivialit\u00e9,  comme les bapt\u00eames gratuits annuels, le pot de l&rsquo;AG etc.<\/p>\n<\/div><figure class=\"wp-block-media-text__media\"><img loading=\"lazy\" decoding=\"async\" width=\"1024\" height=\"578\" src=\"https:\/\/gissacg.fr\/wp-content\/uploads\/2022\/10\/apero_DSC_5431-Comp-1024x578.jpg\" alt=\"\" class=\"wp-image-2157 size-full\" srcset=\"https:\/\/gissacg.fr\/wp-content\/uploads\/2022\/10\/apero_DSC_5431-Comp-1024x578.jpg 1024w, https:\/\/gissacg.fr\/wp-content\/uploads\/2022\/10\/apero_DSC_5431-Comp-300x169.jpg 300w, https:\/\/gissacg.fr\/wp-content\/uploads\/2022\/10\/apero_DSC_5431-Comp-768x433.jpg 768w, https:\/\/gissacg.fr\/wp-content\/uploads\/2022\/10\/apero_DSC_5431-Comp-1536x867.jpg 1536w, https:\/\/gissacg.fr\/wp-content\/uploads\/2022\/10\/apero_DSC_5431-Comp-150x85.jpg 150w, https:\/\/gissacg.fr\/wp-content\/uploads\/2022\/10\/apero_DSC_5431-Comp.jpg 1882w\" sizes=\"auto, (max-width: 1024px) 100vw, 1024px\" \/><\/figure><\/div>\n\n\n\n<div class=\"wp-block-media-text alignwide is-stacked-on-mobile\" style=\"grid-template-columns:45% auto\"><figure class=\"wp-block-media-text__media\"><img loading=\"lazy\" decoding=\"async\" width=\"515\" height=\"519\" src=\"https:\/\/gissacg.fr\/wp-content\/uploads\/2023\/03\/202209-baptemes-commpresse-telegramme.png\" alt=\"\" class=\"wp-image-2710 size-full\" srcset=\"https:\/\/gissacg.fr\/wp-content\/uploads\/2023\/03\/202209-baptemes-commpresse-telegramme.png 515w, https:\/\/gissacg.fr\/wp-content\/uploads\/2023\/03\/202209-baptemes-commpresse-telegramme-298x300.png 298w, https:\/\/gissacg.fr\/wp-content\/uploads\/2023\/03\/202209-baptemes-commpresse-telegramme-150x150.png 150w\" sizes=\"auto, (max-width: 515px) 100vw, 515px\" \/><\/figure><div class=\"wp-block-media-text__content\">\n<h3 class=\"wp-block-heading\">Commission communication<\/h3>\n\n\n\n<h4 class=\"wp-block-heading\">Responsables : Isabelle PETTIER et Christophe MASSON (webmestre)<\/h4>\n\n\n\n<p>L&rsquo;objectif est d&rsquo;informer, favoriser les \u00e9changes entre membres du club associatif et de valoriser les activit\u00e9s du Gissacg gr\u00e2ce \u00e0 notre site web, <a rel=\"noreferrer noopener\" href=\"https:\/\/www.youtube.com\/channel\/UCbUosMUlWC8nwu5kBQlu8Yw\" target=\"_blank\">chaine Youtube<\/a>, articles de presse, groupes WhatsApp etc.<\/p>\n\n\n\n<p><\/p>\n<\/div><\/div>\n\n\n\n<p><strong>Nous sommes s\u00e9rieux, organis\u00e9s, \u00e9quip\u00e9s, sympathiques, dynamiques et sur des sites de plong\u00e9e avec une faune et une flore extraordinaires : Alors, vous nous rejoignez ?<\/strong><\/p>\n","protected":false},"excerpt":{"rendered":"<p>La carte d&rsquo;identit\u00e9 du club No d&rsquo;agr\u00e9ment Jeunesse et Sport 22S329 Club F.F.E.S.S.M.\u00a0 03 22 025 Si\u00e8ge Mairie, 22700 Perros-Guirec Statut Association loi 1901 La composition du Bureau Pr\u00e9sident Jean-Christophe PETTIER Tr\u00e9sorier Olivier LOSQ Secr\u00e9taire Isabelle PETTIER Vice-pr\u00e9sident Michel LE CLEC&rsquo;H Secr\u00e9taire-adjointe Jean-Luc HALPER Tr\u00e9sorier-adjoint \u00a0 La composition du Conseil&#8230;<\/p>\n<p class=\"continue-reading-button\"> <a class=\"continue-reading-link\" href=\"https:\/\/gissacg.fr\/index.php\/organisation-du-club\/\">Lire la suite<i class=\"crycon-right-dir\"><\/i><\/a><\/p>\n","protected":false},"author":8,"featured_media":0,"parent":0,"menu_order":0,"comment_status":"closed","ping_status":"closed","template":"","meta":{"wpm_timeformat":"","_wpm_styles":"","advgb_blocks_editor_width":"","advgb_blocks_columns_visual_guide":"","footnotes":""},"class_list":["post-2701","page","type-page","status-publish","hentry"],"coauthors":[],"author_meta":{"author_link":"https:\/\/gissacg.fr\/index.php\/author\/ipettier\/","display_name":"Isabelle Pettier"},"relative_dates":{"created":"Publi\u00e9 3 ans il y a","modified":"Mis \u00e0 jour 3 mois il y a"},"absolute_dates":{"created":"Publi\u00e9 le 22 mars 2023","modified":"Mise \u00e0 jour le 2 janvier 2026"},"absolute_dates_time":{"created":"Publi\u00e9 le 22 mars 2023 11 h 00 min","modified":"Mise \u00e0 jour le 2 janvier 2026 17 h 46 min"},"featured_img_caption":"","featured_img":false,"series_order":"","_links":{"self":[{"href":"https:\/\/gissacg.fr\/index.php\/wp-json\/wp\/v2\/pages\/2701","targetHints":{"allow":["GET"]}}],"collection":[{"href":"https:\/\/gissacg.fr\/index.php\/wp-json\/wp\/v2\/pages"}],"about":[{"href":"https:\/\/gissacg.fr\/index.php\/wp-json\/wp\/v2\/types\/page"}],"author":[{"embeddable":true,"href":"https:\/\/gissacg.fr\/index.php\/wp-json\/wp\/v2\/users\/8"}],"replies":[{"embeddable":true,"href":"https:\/\/gissacg.fr\/index.php\/wp-json\/wp\/v2\/comments?post=2701"}],"version-history":[{"count":56,"href":"https:\/\/gissacg.fr\/index.php\/wp-json\/wp\/v2\/pages\/2701\/revisions"}],"predecessor-version":[{"id":4948,"href":"https:\/\/gissacg.fr\/index.php\/wp-json\/wp\/v2\/pages\/2701\/revisions\/4948"}],"wp:attachment":[{"href":"https:\/\/gissacg.fr\/index.php\/wp-json\/wp\/v2\/media?parent=2701"}],"curies":[{"name":"wp","href":"https:\/\/api.w.org\/{rel}","templated":true}]}}