{"id":2609,"date":"2023-01-31T10:14:22","date_gmt":"2023-01-31T09:14:22","guid":{"rendered":"https:\/\/gissacg.fr\/?page_id=2609"},"modified":"2025-05-28T10:25:43","modified_gmt":"2025-05-28T08:25:43","slug":"presentation-du-club","status":"publish","type":"page","link":"https:\/\/gissacg.fr\/index.php\/presentation-du-club\/","title":{"rendered":"Pr\u00e9sentation du club"},"content":{"rendered":"\n\n\n\n\n<p>Avec une cinquantaine d\u2019adh\u00e9rents, les activit\u00e9s du club associatif de plong\u00e9e GISSACG de Perros-Guirec sont vari\u00e9es :<\/p>\n<ul>\n<li><strong>Plong\u00e9es sous-marines <\/strong>du bord \u00e0 Ploumanac\u2019h et dans l\u2019estuaire du Trieux<strong><br><\/strong><\/li>\n<li><strong>Plong\u00e9es depuis notre bateau <\/strong>(alu 6.99m 115ch &#8211; 8 plongeurs) aux 7 \u00eeles et aux Triagoz<\/li>\n<li><strong>Entrainement piscine en hiver <\/strong>(cr\u00e9neau le dimanche matin)<strong><br><\/strong><\/li>\n<li><strong>Nage palmes en mer<\/strong><\/li>\n<li><strong>Commission technique&nbsp; : <\/strong>Formations des niveaux 1 \u00e0 4, nitrox, initiateur<\/li>\n<li><strong><a href=\"https:\/\/gissacg.fr\/index.php\/commission-photo\/\">Commission photo<\/a>&nbsp;: <\/strong>Formation PP1, PP2, FP1, animateur. Soir\u00e9e de partage, sorties \u00e0 th\u00e8mes<\/li>\n<li><strong><a href=\"https:\/\/gissacg.fr\/index.php\/commission-bio\/\">Commission bio<\/a>&nbsp;: <\/strong>Formation niveau 1, sorties \u00e0 th\u00e8mes<\/li>\n<li><strong>Sorties de groupe sur un week-end <\/strong>(voire plus)<strong><br><\/strong><\/li>\n<li><strong>Bapt\u00eames gratuits lors de la f\u00eate nautique de Perros<\/strong><\/li>\n<\/ul>\n\n\n\n\n\n<div class=\"wp-block-media-text alignwide has-media-on-the-right is-stacked-on-mobile\" style=\"grid-template-columns:auto 49%\"><div class=\"wp-block-media-text__content\">\n<p>La localisation de la <strong>station de gonflage<\/strong> (3 compresseurs,<em> mont\u00e9s sur SILENT-Bloc<\/em> <em> anti vibrations<\/em>) est \u00e0 proximit\u00e9 des sites de plong\u00e9e \u00e0 la c\u00f4te de Pors Kamor (la Cale, Go\u00e9lette, le Skewell). Acc\u00e8s libre \u00e0 partir du N3, apr\u00e8s formation au gonflage. Mise \u00e0 disposition de mat\u00e9riel (stab, d\u00e9tendeur, bouteille) pour les d\u00e9butants.<\/p>\n<\/div><figure class=\"wp-block-media-text__media\"><img loading=\"lazy\" decoding=\"async\" width=\"1024\" height=\"576\" src=\"https:\/\/gissacg.fr\/wp-content\/uploads\/2023\/03\/cale-pors-kamor-20190614_185913-small-1024x576.jpg\" alt=\"\" class=\"wp-image-2883 size-full\" srcset=\"https:\/\/gissacg.fr\/wp-content\/uploads\/2023\/03\/cale-pors-kamor-20190614_185913-small-1024x576.jpg 1024w, https:\/\/gissacg.fr\/wp-content\/uploads\/2023\/03\/cale-pors-kamor-20190614_185913-small-300x169.jpg 300w, https:\/\/gissacg.fr\/wp-content\/uploads\/2023\/03\/cale-pors-kamor-20190614_185913-small-768x432.jpg 768w, https:\/\/gissacg.fr\/wp-content\/uploads\/2023\/03\/cale-pors-kamor-20190614_185913-small-150x84.jpg 150w, https:\/\/gissacg.fr\/wp-content\/uploads\/2023\/03\/cale-pors-kamor-20190614_185913-small.jpg 1200w\" sizes=\"auto, (max-width: 1024px) 100vw, 1024px\" \/><\/figure><\/div>\n\n\n\n\n\n<p>\u00a0<\/p>\n<p>Les horaires sont libres pour les plong\u00e9es en autonomie et il existe un cr\u00e9neau le dimanche matin pour les plong\u00e9es encadr\u00e9es. Qui plus est, selon les disponibilit\u00e9s des Directeurs de Plong\u00e9e et Guides de Palanqu\u00e9e, d\u2019autres plong\u00e9es club peuvent \u00eatre organis\u00e9es.<\/p>\n<p>Les sorties en bateau d\u00e9pendent bien s\u00fbr de la m\u00e9t\u00e9o et de la mar\u00e9e (passage du seuil du port) ainsi que de la disponibilit\u00e9 d&rsquo;un DP et d&rsquo;un pilote, avec inscription en ligne.<\/p>\n<p>Il existe quelques \u00e9paves\u00a0dans l\u2019estuaire du Trieux (Ludwig jansen, Charbonnier), au large de Port Blanc (T29) <em>\u2013 <a href=\"https:\/\/gissacg.fr\/index.php\/les-epaves-du-tregor\/\">en savoir plus <\/a><br \/><\/em><\/p>\n<p>Une communaut\u00e9 Whatsapp permet de pr\u00e9venir des sorties nages \u00e0 palmes en mer, \u00e0 la cale et en bateau et d\u2019avoir un fil de discussion entre adh\u00e9rents. Un autre groupe Whatsapp \u00ab\u00a0Interclub 22 bio\/photo\u00a0\u00bb annonce des sorties \u00e0 th\u00e8mes ou permet le partage rapide de clich\u00e9s.<\/p>\n<p>\u00a0<\/p>\n<p><em>Nous vous invitons \u00e0 parcourir notre site pour d\u00e9couvrir plus en d\u00e9tails les activit\u00e9s du club de Perros et de ses commissions \u2026<\/em><\/p>\n<p>\u00a0<\/p>\n\n\n\n<div class=\"wp-block-columns is-layout-flex wp-container-core-columns-is-layout-1 wp-block-columns-is-layout-flex\">\n<div class=\"wp-block-column is-layout-flow wp-block-column-is-layout-flow\" style=\"flex-basis:100%\">\n<figure class=\"wp-block-image size-large\"><img loading=\"lazy\" decoding=\"async\" width=\"1024\" height=\"683\" src=\"https:\/\/gissacg.fr\/wp-content\/uploads\/2021\/12\/CAT_2_01-29112021-1024x683.jpg\" alt=\"\" class=\"wp-image-1879\" srcset=\"https:\/\/gissacg.fr\/wp-content\/uploads\/2021\/12\/CAT_2_01-29112021-1024x683.jpg 1024w, https:\/\/gissacg.fr\/wp-content\/uploads\/2021\/12\/CAT_2_01-29112021-300x200.jpg 300w, https:\/\/gissacg.fr\/wp-content\/uploads\/2021\/12\/CAT_2_01-29112021-768x512.jpg 768w, https:\/\/gissacg.fr\/wp-content\/uploads\/2021\/12\/CAT_2_01-29112021-1536x1024.jpg 1536w, https:\/\/gissacg.fr\/wp-content\/uploads\/2021\/12\/CAT_2_01-29112021-2048x1365.jpg 2048w, https:\/\/gissacg.fr\/wp-content\/uploads\/2021\/12\/CAT_2_01-29112021-150x100.jpg 150w\" sizes=\"auto, (max-width: 1024px) 100vw, 1024px\" \/><\/figure>\n<\/div>\n<\/div>\n","protected":false},"excerpt":{"rendered":"<p>Avec une cinquantaine d\u2019adh\u00e9rents, les activit\u00e9s du club associatif de plong\u00e9e GISSACG de Perros-Guirec sont vari\u00e9es : Plong\u00e9es sous-marines du bord \u00e0 Ploumanac\u2019h et dans l\u2019estuaire du Trieux Plong\u00e9es depuis notre bateau (alu 6.99m 115ch &#8211; 8 plongeurs) aux 7 \u00eeles et aux Triagoz Entrainement piscine en hiver (cr\u00e9neau le&#8230;<\/p>\n<p class=\"continue-reading-button\"> <a class=\"continue-reading-link\" href=\"https:\/\/gissacg.fr\/index.php\/presentation-du-club\/\">Lire la suite<i class=\"crycon-right-dir\"><\/i><\/a><\/p>\n","protected":false},"author":8,"featured_media":0,"parent":0,"menu_order":0,"comment_status":"closed","ping_status":"closed","template":"","meta":{"wpm_timeformat":"","_wpm_styles":"","advgb_blocks_editor_width":"","advgb_blocks_columns_visual_guide":"","footnotes":""},"class_list":["post-2609","page","type-page","status-publish","hentry"],"coauthors":[],"author_meta":{"author_link":"https:\/\/gissacg.fr\/index.php\/author\/ipettier\/","display_name":"Isabelle Pettier"},"relative_dates":{"created":"Publi\u00e9 3 ans il y a","modified":"Mis \u00e0 jour 12 mois il y a"},"absolute_dates":{"created":"Publi\u00e9 le 31 janvier 2023","modified":"Mise \u00e0 jour le 28 mai 2025"},"absolute_dates_time":{"created":"Publi\u00e9 le 31 janvier 2023 10 h 14 min","modified":"Mise \u00e0 jour le 28 mai 2025 10 h 25 min"},"featured_img_caption":"","featured_img":false,"series_order":"","_links":{"self":[{"href":"https:\/\/gissacg.fr\/index.php\/wp-json\/wp\/v2\/pages\/2609","targetHints":{"allow":["GET"]}}],"collection":[{"href":"https:\/\/gissacg.fr\/index.php\/wp-json\/wp\/v2\/pages"}],"about":[{"href":"https:\/\/gissacg.fr\/index.php\/wp-json\/wp\/v2\/types\/page"}],"author":[{"embeddable":true,"href":"https:\/\/gissacg.fr\/index.php\/wp-json\/wp\/v2\/users\/8"}],"replies":[{"embeddable":true,"href":"https:\/\/gissacg.fr\/index.php\/wp-json\/wp\/v2\/comments?post=2609"}],"version-history":[{"count":13,"href":"https:\/\/gissacg.fr\/index.php\/wp-json\/wp\/v2\/pages\/2609\/revisions"}],"predecessor-version":[{"id":4735,"href":"https:\/\/gissacg.fr\/index.php\/wp-json\/wp\/v2\/pages\/2609\/revisions\/4735"}],"wp:attachment":[{"href":"https:\/\/gissacg.fr\/index.php\/wp-json\/wp\/v2\/media?parent=2609"}],"curies":[{"name":"wp","href":"https:\/\/api.w.org\/{rel}","templated":true}]}}