{"id":1557,"date":"2021-04-30T13:50:40","date_gmt":"2021-04-30T11:50:40","guid":{"rendered":"https:\/\/gissacg.fr\/?page_id=1557"},"modified":"2025-08-28T13:04:12","modified_gmt":"2025-08-28T11:04:12","slug":"inscription-aux-plongees-club","status":"publish","type":"page","link":"https:\/\/gissacg.fr\/index.php\/inscription-aux-plongees-club\/","title":{"rendered":"Gestion des plong\u00e9es club (cale et bateau)"},"content":{"rendered":"","protected":true},"excerpt":{"rendered":"","protected":true},"author":1,"featured_media":0,"parent":0,"menu_order":0,"comment_status":"closed","ping_status":"closed","template":"","meta":{"wpm_timeformat":"","_wpm_styles":"","advgb_blocks_editor_width":"","advgb_blocks_columns_visual_guide":"","footnotes":""},"class_list":["post-1557","page","type-page","status-publish","post-password-required","hentry"],"coauthors":[],"author_meta":{"author_link":"https:\/\/gissacg.fr\/index.php\/author\/admin\/","display_name":"Webmaster GISSaCG"},"relative_dates":{"created":"Publi\u00e9 5 ans il y a","modified":"Mis \u00e0 jour 8 mois il y a"},"absolute_dates":{"created":"Publi\u00e9 le 30 avril 2021","modified":"Mise \u00e0 jour le 28 ao\u00fbt 2025"},"absolute_dates_time":{"created":"Publi\u00e9 le 30 avril 2021 13 h 50 min","modified":"Mise \u00e0 jour le 28 ao\u00fbt 2025 13 h 04 min"},"featured_img_caption":"","featured_img":false,"series_order":"","_links":{"self":[{"href":"https:\/\/gissacg.fr\/index.php\/wp-json\/wp\/v2\/pages\/1557","targetHints":{"allow":["GET"]}}],"collection":[{"href":"https:\/\/gissacg.fr\/index.php\/wp-json\/wp\/v2\/pages"}],"about":[{"href":"https:\/\/gissacg.fr\/index.php\/wp-json\/wp\/v2\/types\/page"}],"author":[{"embeddable":true,"href":"https:\/\/gissacg.fr\/index.php\/wp-json\/wp\/v2\/users\/1"}],"replies":[{"embeddable":true,"href":"https:\/\/gissacg.fr\/index.php\/wp-json\/wp\/v2\/comments?post=1557"}],"version-history":[{"count":14,"href":"https:\/\/gissacg.fr\/index.php\/wp-json\/wp\/v2\/pages\/1557\/revisions"}],"predecessor-version":[{"id":4814,"href":"https:\/\/gissacg.fr\/index.php\/wp-json\/wp\/v2\/pages\/1557\/revisions\/4814"}],"wp:attachment":[{"href":"https:\/\/gissacg.fr\/index.php\/wp-json\/wp\/v2\/media?parent=1557"}],"curies":[{"name":"wp","href":"https:\/\/api.w.org\/{rel}","templated":true}]}}